{"id":6756,"date":"2025-03-25T14:03:25","date_gmt":"2025-03-25T13:03:25","guid":{"rendered":"https:\/\/www.liohproducts.com\/?post_type=product&#038;p=6756"},"modified":"2026-02-06T14:03:16","modified_gmt":"2026-02-06T13:03:16","slug":"the-invigorizer-micro-needle-03-mm","status":"publish","type":"product","link":"https:\/\/www.liohproducts.com\/en\/shop\/the-invigorizer-micro-needle-03-mm\/","title":{"rendered":"The In:Vigorizer &#8211; Micro Needle &#8211; 0,3 mm"},"content":{"rendered":"<p>LI:OH <strong>The In:Vigorizer &#8211; Micro Needle <\/strong>es un rodillo de peque\u00f1o tama\u00f1o que utiliza microagujas para estimular la penetraci\u00f3n de The Vigorizer &#8211; Anti-Hair Loss Elixir y la creaci\u00f3n de col\u00e1geno, fortalecer la textura del cabello y reducir la ca\u00edda del mismo. Usando <strong>The In:Vigorizer &#8211; Micro Needle <\/strong>consigues atravesar la piel y da\u00f1ar las estructuras fibrosas que impiden que el cabello d\u00e9bil crezca. Pero esto no es malo, todo lo contrario.\u00a0 Al crearse micro-heridas ocurren 3 efectos:<br \/>\n&#8211; Se promueve el riego sangu\u00edneo ya que tu organismo movilizar\u00e1 sangre y nutrientes hacia esa zona para recuperar las heridas. De este modo, al tener m\u00e1s sangre y nutrientes en esa zona, los cabellos d\u00e9biles recibir\u00e1n un aporte extra para salir al exterior.<br \/>\n&#8211; Se regeneran c\u00e9lulas, con lo que nuevas c\u00e9lulas foliculares pueden llegar a zonas donde ya no hab\u00eda cabello.<br \/>\n&#8211; Si empleas productos naturales como The Vigorizer &#8211; Anti-Hair Loss Elixir, cuyos aceites esenciales promueven la nutrici\u00f3n y el crecimiento capilar, consigues que lleguen hasta la ra\u00edz de tu cabello y nutrirlo a fondo.<\/p>\n<p><strong>MODO DE EMPLEO<\/strong><\/p>\n<ul>\n<li>Usar In:Vigorizer sobre el cabello y cuero limpio y seco.<\/li>\n<li>Desinfectar In:Vigorizer con alcohol antes y despu\u00e9s de cada uso.<\/li>\n<li>Rodar In:Vigorizer 3-4 veces en cada direcci\u00f3n (horizontal, vertical y diagonal) sobre las zonas a tratar, manteniendo velocidad y presi\u00f3n uniformes (evitar el exceso de presi\u00f3n).<\/li>\n<li>Inmediatamente despu\u00e9s del microneedling, apliquar The Vigorizer Elixir para potenciar la absorci\u00f3n de sus principios activos.<\/li>\n<li>Realice un masaje suave en el cuero cabelludo con los dedos durante 1-2 minutos.<\/li>\n<li>Repita el protocolo 1-2 veces por semana.<\/li>\n<li>En d\u00edas sin microneedling, contin\u00fae aplicando el elixir para mantener los beneficios.<\/li>\n<li>Ajuste la frecuencia o intensidad si nota irritaciones o molestias<i>.<\/i><\/li>\n<\/ul>\n","protected":false},"excerpt":{"rendered":"<h2><strong data-start=\"28\" data-end=\"83\">El despertar que tu cabello necesita<\/strong> \ud83d\udca5<br data-start=\"86\" data-end=\"89\" \/><em data-start=\"89\" data-end=\"147\">Activa, fortalece y transforma tu cabello desde la ra\u00edz<\/em><\/h2>\n<p data-start=\"83\" data-end=\"188\">1\ufe0f\u20e3 <strong data-start=\"87\" data-end=\"129\">Tu cabello crecer\u00e1 m\u00e1s r\u00e1pido y m\u00e1s fuerte<\/strong><\/p>\n<p data-start=\"190\" data-end=\"286\">2\ufe0f\u20e3 <strong data-start=\"194\" data-end=\"240\">Ver\u00e1s menos pelos en el cepillo y la ducha<\/strong><\/p>\n<p data-start=\"288\" data-end=\"369\">3\ufe0f\u20e3 <strong data-start=\"292\" data-end=\"338\">Tu cabello se sentir\u00e1 m\u00e1s denso y abundante<\/strong><\/p>\n<p data-start=\"371\" data-end=\"487\">4\ufe0f\u20e3 <strong data-start=\"375\" data-end=\"429\">Dejar\u00e1s de preocuparte por el cabello fino y d\u00e9bil<\/strong><\/p>\n<p data-start=\"489\" data-end=\"591\">5\ufe0f\u20e3 <strong data-start=\"493\" data-end=\"537\">Adi\u00f3s a las entradas y zonas despobladas<\/strong><\/p>\n<p data-start=\"593\" data-end=\"737\">6\ufe0f\u20e3 <strong data-start=\"597\" data-end=\"674\">Sentir\u00e1s tu cuero cabelludo m\u00e1s fresco, revitalizado y libre de molestias<\/strong><\/p>\n<p data-start=\"739\" data-end=\"816\">7\ufe0f\u20e3 <strong data-start=\"743\" data-end=\"777\">Tu pelo brillar\u00e1 m\u00e1s que nunca<\/strong><\/p>\n<p data-start=\"818\" data-end=\"943\">8\ufe0f\u20e3 <strong data-start=\"822\" data-end=\"882\">Notar\u00e1s una mejora incre\u00edble en la textura de tu cabello<\/strong><\/p>\n<p data-start=\"945\" data-end=\"1065\">9\ufe0f\u20e3 <strong data-start=\"949\" data-end=\"1004\">Potenciar\u00e1s el efecto de The Vigorizer Anti Hair Loose Elixir<\/strong><\/p>\n<p data-start=\"1067\" data-end=\"1208\">\ud83d\udd1f <strong data-start=\"1070\" data-end=\"1110\">Recuperar\u00e1s la seguridad en ti mism@<\/strong><\/p>\n<hr \/>\n<div class=\"accordion-item\">\n<div class=\"accordion-header\">Modo de empleo +<\/div>\n<div class=\"accordion-content\">\n<ul>\n<li><span style=\"vertical-align: inherit;\"><span style=\"vertical-align: inherit;\">Usar In:Vigorizer sobre el cabello y cuero limpio y seco.<\/span><\/span><\/li>\n<li><span style=\"vertical-align: inherit;\"><span style=\"vertical-align: inherit;\">Desinfectar In:Vigorizer con alcohol antes y despu\u00e9s de cada uso.<\/span><\/span><\/li>\n<li><span style=\"vertical-align: inherit;\"><span style=\"vertical-align: inherit;\">Rodar In:Vigorizer 3-4 veces en cada direcci\u00f3n (horizontal, vertical y diagonal) sobre las zonas a tratar, manteniendo velocidad y presi\u00f3n uniformes (evitar el exceso de presi\u00f3n).<\/span><\/span><\/li>\n<li>Inmediatamente despu\u00e9s del microneedle, aplicar <strong>The Vigorizer Elixir<\/strong> para potenciar la absorci\u00f3n de sus principios activos.<\/li>\n<li>Realice un masaje suave en el cuero cabelludo con los dedos durante 1-2 minutos.<\/li>\n<li>Repita el protocolo 2 a 3 veces por semana.<\/li>\n<li>En d\u00edas sin microneedle, contin\u00fae aplicando el elixir para mantener los beneficios.<\/li>\n<li>Ajuste la frecuencia o intensidad si nota irritaciones o molestias<i>.<\/i><\/li>\n<\/ul>\n<\/div>\n<\/div>\n<div class=\"accordion-item\">\n<div class=\"accordion-header\">Compuesto por +<\/div>\n<div class=\"accordion-content\">\n<p>The In:Vigorizer &#8211; Micro Needle 0,5 mm (520 agujas acero quir\u00fargico)<\/p>\n<\/div>\n<\/div>\n","protected":false},"featured_media":6660,"template":"","meta":{"_joinchat":[]},"product_brand":[],"product_cat":[370],"product_tag":[],"class_list":{"0":"post-6756","1":"product","2":"type-product","3":"status-publish","4":"has-post-thumbnail","6":"product_cat-accesorios","9":"first","10":"instock","11":"taxable","12":"shipping-taxable","13":"purchasable","14":"product-type-simple"},"yoast_head":"<!-- This site is optimized with the Yoast SEO plugin v27.4 - https:\/\/yoast.com\/product\/yoast-seo-wordpress\/ -->\n<title>The In:Vigorizer - Micro Needle - 0,3 mm - LI:OH Products<\/title>\n<meta name=\"robots\" content=\"index, follow, max-snippet:-1, max-image-preview:large, max-video-preview:-1\" \/>\n<link rel=\"canonical\" href=\"https:\/\/www.liohproducts.com\/en\/shop\/the-invigorizer-micro-needle-03-mm\/\" \/>\n<meta property=\"og:locale\" content=\"en_US\" \/>\n<meta property=\"og:type\" content=\"article\" \/>\n<meta property=\"og:title\" content=\"The In:Vigorizer - Micro Needle - 0,3 mm - LI:OH Products\" \/>\n<meta property=\"og:description\" content=\"El despertar que tu cabello necesita \ud83d\udca5Activa, fortalece y transforma tu cabello desde la ra\u00edz 1\ufe0f\u20e3 Tu cabello crecer\u00e1 m\u00e1s r\u00e1pido y m\u00e1s fuerte 2\ufe0f\u20e3 Ver\u00e1s menos pelos en el cepillo y la ducha 3\ufe0f\u20e3 Tu cabello se sentir\u00e1 m\u00e1s denso y abundante 4\ufe0f\u20e3 Dejar\u00e1s de preocuparte por el cabello fino y d\u00e9bil 5\ufe0f\u20e3 Adi\u00f3s a las entradas y zonas despobladas 6\ufe0f\u20e3 Sentir\u00e1s tu cuero cabelludo m\u00e1s fresco, revitalizado y libre de molestias 7\ufe0f\u20e3 Tu pelo brillar\u00e1 m\u00e1s que nunca 8\ufe0f\u20e3 Notar\u00e1s una mejora incre\u00edble en la textura de tu cabello 9\ufe0f\u20e3 Potenciar\u00e1s el efecto de The Vigorizer Anti Hair Loose Elixir \ud83d\udd1f Recuperar\u00e1s la seguridad en ti mism@      Modo de empleo +    Usar In:Vigorizer sobre el cabello y cuero limpio y seco.  Desinfectar In:Vigorizer con alcohol antes y despu\u00e9s de cada uso.  Rodar In:Vigorizer 3-4 veces en cada direcci\u00f3n (horizontal, vertical y diagonal) sobre las zonas a tratar, manteniendo velocidad y presi\u00f3n uniformes (evitar el exceso de presi\u00f3n).  Inmediatamente despu\u00e9s del microneedle, aplicar The Vigorizer Elixir para potenciar la absorci\u00f3n de sus principios activos.  Realice un masaje suave en el cuero cabelludo con los dedos durante 1-2 minutos.  Repita el protocolo 2 a 3 veces por semana.  En d\u00edas sin microneedle, contin\u00fae aplicando el elixir para mantener los beneficios.  Ajuste la frecuencia o intensidad si nota irritaciones o molestias.     Compuesto por +   The In:Vigorizer - Micro Needle 0,5 mm (520 agujas acero quir\u00fargico)\" \/>\n<meta property=\"og:url\" content=\"https:\/\/www.liohproducts.com\/en\/shop\/the-invigorizer-micro-needle-03-mm\/\" \/>\n<meta property=\"og:site_name\" content=\"LI:OH Products\" \/>\n<meta property=\"article:publisher\" content=\"https:\/\/www.facebook.com\/liohproducts\" \/>\n<meta property=\"article:modified_time\" content=\"2026-02-06T13:03:16+00:00\" \/>\n<meta property=\"og:image\" content=\"https:\/\/www.liohproducts.com\/wp-content\/uploads\/2025\/03\/262.png\" \/>\n\t<meta property=\"og:image:width\" content=\"1080\" \/>\n\t<meta property=\"og:image:height\" content=\"1080\" \/>\n\t<meta property=\"og:image:type\" content=\"image\/png\" \/>\n<meta name=\"twitter:card\" content=\"summary_large_image\" \/>\n<meta name=\"twitter:label1\" content=\"Est. reading time\" \/>\n\t<meta name=\"twitter:data1\" content=\"2 minutes\" \/>\n<script type=\"application\/ld+json\" class=\"yoast-schema-graph\">{\"@context\":\"https:\\\/\\\/schema.org\",\"@graph\":[{\"@type\":\"WebPage\",\"@id\":\"https:\\\/\\\/www.liohproducts.com\\\/en\\\/shop\\\/the-invigorizer-micro-needle-03-mm\\\/\",\"url\":\"https:\\\/\\\/www.liohproducts.com\\\/en\\\/shop\\\/the-invigorizer-micro-needle-03-mm\\\/\",\"name\":\"The In:Vigorizer - Micro Needle - 0,3 mm - LI:OH Products\",\"isPartOf\":{\"@id\":\"https:\\\/\\\/www.liohproducts.com\\\/en\\\/#website\"},\"primaryImageOfPage\":{\"@id\":\"https:\\\/\\\/www.liohproducts.com\\\/en\\\/shop\\\/the-invigorizer-micro-needle-03-mm\\\/#primaryimage\"},\"image\":{\"@id\":\"https:\\\/\\\/www.liohproducts.com\\\/en\\\/shop\\\/the-invigorizer-micro-needle-03-mm\\\/#primaryimage\"},\"thumbnailUrl\":\"https:\\\/\\\/www.liohproducts.com\\\/wp-content\\\/uploads\\\/2025\\\/03\\\/262.png\",\"datePublished\":\"2025-03-25T13:03:25+00:00\",\"dateModified\":\"2026-02-06T13:03:16+00:00\",\"breadcrumb\":{\"@id\":\"https:\\\/\\\/www.liohproducts.com\\\/en\\\/shop\\\/the-invigorizer-micro-needle-03-mm\\\/#breadcrumb\"},\"inLanguage\":\"en-US\",\"potentialAction\":[{\"@type\":\"ReadAction\",\"target\":[\"https:\\\/\\\/www.liohproducts.com\\\/en\\\/shop\\\/the-invigorizer-micro-needle-03-mm\\\/\"]}]},{\"@type\":\"ImageObject\",\"inLanguage\":\"en-US\",\"@id\":\"https:\\\/\\\/www.liohproducts.com\\\/en\\\/shop\\\/the-invigorizer-micro-needle-03-mm\\\/#primaryimage\",\"url\":\"https:\\\/\\\/www.liohproducts.com\\\/wp-content\\\/uploads\\\/2025\\\/03\\\/262.png\",\"contentUrl\":\"https:\\\/\\\/www.liohproducts.com\\\/wp-content\\\/uploads\\\/2025\\\/03\\\/262.png\",\"width\":1080,\"height\":1080},{\"@type\":\"BreadcrumbList\",\"@id\":\"https:\\\/\\\/www.liohproducts.com\\\/en\\\/shop\\\/the-invigorizer-micro-needle-03-mm\\\/#breadcrumb\",\"itemListElement\":[{\"@type\":\"ListItem\",\"position\":1,\"name\":\"Beginning\",\"item\":\"https:\\\/\\\/www.liohproducts.com\\\/en\\\/home\\\/\"},{\"@type\":\"ListItem\",\"position\":2,\"name\":\"Shop\",\"item\":\"https:\\\/\\\/www.liohproducts.com\\\/tienda\\\/\"},{\"@type\":\"ListItem\",\"position\":3,\"name\":\"The In:Vigorizer &#8211; Micro Needle &#8211; 0,3 mm\"}]},{\"@type\":\"WebSite\",\"@id\":\"https:\\\/\\\/www.liohproducts.com\\\/en\\\/#website\",\"url\":\"https:\\\/\\\/www.liohproducts.com\\\/en\\\/\",\"name\":\"LI:OH Products\",\"description\":\"We are lovers of fashion, beauty, health and nature.\",\"publisher\":{\"@id\":\"https:\\\/\\\/www.liohproducts.com\\\/en\\\/#organization\"},\"potentialAction\":[{\"@type\":\"SearchAction\",\"target\":{\"@type\":\"EntryPoint\",\"urlTemplate\":\"https:\\\/\\\/www.liohproducts.com\\\/en\\\/?s={search_term_string}\"},\"query-input\":{\"@type\":\"PropertyValueSpecification\",\"valueRequired\":true,\"valueName\":\"search_term_string\"}}],\"inLanguage\":\"en-US\"},{\"@type\":\"Organization\",\"@id\":\"https:\\\/\\\/www.liohproducts.com\\\/en\\\/#organization\",\"name\":\"LI:OH Products\",\"url\":\"https:\\\/\\\/www.liohproducts.com\\\/en\\\/\",\"logo\":{\"@type\":\"ImageObject\",\"inLanguage\":\"en-US\",\"@id\":\"https:\\\/\\\/www.liohproducts.com\\\/en\\\/#\\\/schema\\\/logo\\\/image\\\/\",\"url\":\"https:\\\/\\\/www.liohproducts.com\\\/wp-content\\\/uploads\\\/2020\\\/07\\\/Logo-160x160-1.jpg\",\"contentUrl\":\"https:\\\/\\\/www.liohproducts.com\\\/wp-content\\\/uploads\\\/2020\\\/07\\\/Logo-160x160-1.jpg\",\"width\":160,\"height\":160,\"caption\":\"LI:OH Products\"},\"image\":{\"@id\":\"https:\\\/\\\/www.liohproducts.com\\\/en\\\/#\\\/schema\\\/logo\\\/image\\\/\"},\"sameAs\":[\"https:\\\/\\\/www.facebook.com\\\/liohproducts\",\"https:\\\/\\\/www.instagram.com\\\/liohproducts\\\/\"]}]}<\/script>\n<!-- \/ Yoast SEO plugin. -->","yoast_head_json":{"title":"The In:Vigorizer - Micro Needle - 0,3 mm - LI:OH Products","robots":{"index":"index","follow":"follow","max-snippet":"max-snippet:-1","max-image-preview":"max-image-preview:large","max-video-preview":"max-video-preview:-1"},"canonical":"https:\/\/www.liohproducts.com\/en\/shop\/the-invigorizer-micro-needle-03-mm\/","og_locale":"en_US","og_type":"article","og_title":"The In:Vigorizer - Micro Needle - 0,3 mm - LI:OH Products","og_description":"El despertar que tu cabello necesita \ud83d\udca5Activa, fortalece y transforma tu cabello desde la ra\u00edz 1\ufe0f\u20e3 Tu cabello crecer\u00e1 m\u00e1s r\u00e1pido y m\u00e1s fuerte 2\ufe0f\u20e3 Ver\u00e1s menos pelos en el cepillo y la ducha 3\ufe0f\u20e3 Tu cabello se sentir\u00e1 m\u00e1s denso y abundante 4\ufe0f\u20e3 Dejar\u00e1s de preocuparte por el cabello fino y d\u00e9bil 5\ufe0f\u20e3 Adi\u00f3s a las entradas y zonas despobladas 6\ufe0f\u20e3 Sentir\u00e1s tu cuero cabelludo m\u00e1s fresco, revitalizado y libre de molestias 7\ufe0f\u20e3 Tu pelo brillar\u00e1 m\u00e1s que nunca 8\ufe0f\u20e3 Notar\u00e1s una mejora incre\u00edble en la textura de tu cabello 9\ufe0f\u20e3 Potenciar\u00e1s el efecto de The Vigorizer Anti Hair Loose Elixir \ud83d\udd1f Recuperar\u00e1s la seguridad en ti mism@      Modo de empleo +    Usar In:Vigorizer sobre el cabello y cuero limpio y seco.  Desinfectar In:Vigorizer con alcohol antes y despu\u00e9s de cada uso.  Rodar In:Vigorizer 3-4 veces en cada direcci\u00f3n (horizontal, vertical y diagonal) sobre las zonas a tratar, manteniendo velocidad y presi\u00f3n uniformes (evitar el exceso de presi\u00f3n).  Inmediatamente despu\u00e9s del microneedle, aplicar The Vigorizer Elixir para potenciar la absorci\u00f3n de sus principios activos.  Realice un masaje suave en el cuero cabelludo con los dedos durante 1-2 minutos.  Repita el protocolo 2 a 3 veces por semana.  En d\u00edas sin microneedle, contin\u00fae aplicando el elixir para mantener los beneficios.  Ajuste la frecuencia o intensidad si nota irritaciones o molestias.     Compuesto por +   The In:Vigorizer - Micro Needle 0,5 mm (520 agujas acero quir\u00fargico)","og_url":"https:\/\/www.liohproducts.com\/en\/shop\/the-invigorizer-micro-needle-03-mm\/","og_site_name":"LI:OH Products","article_publisher":"https:\/\/www.facebook.com\/liohproducts","article_modified_time":"2026-02-06T13:03:16+00:00","og_image":[{"width":1080,"height":1080,"url":"https:\/\/www.liohproducts.com\/wp-content\/uploads\/2025\/03\/262.png","type":"image\/png"}],"twitter_card":"summary_large_image","twitter_misc":{"Est. reading time":"2 minutes"},"schema":{"@context":"https:\/\/schema.org","@graph":[{"@type":"WebPage","@id":"https:\/\/www.liohproducts.com\/en\/shop\/the-invigorizer-micro-needle-03-mm\/","url":"https:\/\/www.liohproducts.com\/en\/shop\/the-invigorizer-micro-needle-03-mm\/","name":"The In:Vigorizer - Micro Needle - 0,3 mm - LI:OH Products","isPartOf":{"@id":"https:\/\/www.liohproducts.com\/en\/#website"},"primaryImageOfPage":{"@id":"https:\/\/www.liohproducts.com\/en\/shop\/the-invigorizer-micro-needle-03-mm\/#primaryimage"},"image":{"@id":"https:\/\/www.liohproducts.com\/en\/shop\/the-invigorizer-micro-needle-03-mm\/#primaryimage"},"thumbnailUrl":"https:\/\/www.liohproducts.com\/wp-content\/uploads\/2025\/03\/262.png","datePublished":"2025-03-25T13:03:25+00:00","dateModified":"2026-02-06T13:03:16+00:00","breadcrumb":{"@id":"https:\/\/www.liohproducts.com\/en\/shop\/the-invigorizer-micro-needle-03-mm\/#breadcrumb"},"inLanguage":"en-US","potentialAction":[{"@type":"ReadAction","target":["https:\/\/www.liohproducts.com\/en\/shop\/the-invigorizer-micro-needle-03-mm\/"]}]},{"@type":"ImageObject","inLanguage":"en-US","@id":"https:\/\/www.liohproducts.com\/en\/shop\/the-invigorizer-micro-needle-03-mm\/#primaryimage","url":"https:\/\/www.liohproducts.com\/wp-content\/uploads\/2025\/03\/262.png","contentUrl":"https:\/\/www.liohproducts.com\/wp-content\/uploads\/2025\/03\/262.png","width":1080,"height":1080},{"@type":"BreadcrumbList","@id":"https:\/\/www.liohproducts.com\/en\/shop\/the-invigorizer-micro-needle-03-mm\/#breadcrumb","itemListElement":[{"@type":"ListItem","position":1,"name":"Beginning","item":"https:\/\/www.liohproducts.com\/en\/home\/"},{"@type":"ListItem","position":2,"name":"Shop","item":"https:\/\/www.liohproducts.com\/tienda\/"},{"@type":"ListItem","position":3,"name":"The In:Vigorizer &#8211; Micro Needle &#8211; 0,3 mm"}]},{"@type":"WebSite","@id":"https:\/\/www.liohproducts.com\/en\/#website","url":"https:\/\/www.liohproducts.com\/en\/","name":"LI:OH Products","description":"We are lovers of fashion, beauty, health and nature.","publisher":{"@id":"https:\/\/www.liohproducts.com\/en\/#organization"},"potentialAction":[{"@type":"SearchAction","target":{"@type":"EntryPoint","urlTemplate":"https:\/\/www.liohproducts.com\/en\/?s={search_term_string}"},"query-input":{"@type":"PropertyValueSpecification","valueRequired":true,"valueName":"search_term_string"}}],"inLanguage":"en-US"},{"@type":"Organization","@id":"https:\/\/www.liohproducts.com\/en\/#organization","name":"LI:OH Products","url":"https:\/\/www.liohproducts.com\/en\/","logo":{"@type":"ImageObject","inLanguage":"en-US","@id":"https:\/\/www.liohproducts.com\/en\/#\/schema\/logo\/image\/","url":"https:\/\/www.liohproducts.com\/wp-content\/uploads\/2020\/07\/Logo-160x160-1.jpg","contentUrl":"https:\/\/www.liohproducts.com\/wp-content\/uploads\/2020\/07\/Logo-160x160-1.jpg","width":160,"height":160,"caption":"LI:OH Products"},"image":{"@id":"https:\/\/www.liohproducts.com\/en\/#\/schema\/logo\/image\/"},"sameAs":["https:\/\/www.facebook.com\/liohproducts","https:\/\/www.instagram.com\/liohproducts\/"]}]}},"jetpack_sharing_enabled":true,"_links":{"self":[{"href":"https:\/\/www.liohproducts.com\/en\/wp-json\/wp\/v2\/product\/6756","targetHints":{"allow":["GET"]}}],"collection":[{"href":"https:\/\/www.liohproducts.com\/en\/wp-json\/wp\/v2\/product"}],"about":[{"href":"https:\/\/www.liohproducts.com\/en\/wp-json\/wp\/v2\/types\/product"}],"wp:featuredmedia":[{"embeddable":true,"href":"https:\/\/www.liohproducts.com\/en\/wp-json\/wp\/v2\/media\/6660"}],"wp:attachment":[{"href":"https:\/\/www.liohproducts.com\/en\/wp-json\/wp\/v2\/media?parent=6756"}],"wp:term":[{"taxonomy":"product_brand","embeddable":true,"href":"https:\/\/www.liohproducts.com\/en\/wp-json\/wp\/v2\/product_brand?post=6756"},{"taxonomy":"product_cat","embeddable":true,"href":"https:\/\/www.liohproducts.com\/en\/wp-json\/wp\/v2\/product_cat?post=6756"},{"taxonomy":"product_tag","embeddable":true,"href":"https:\/\/www.liohproducts.com\/en\/wp-json\/wp\/v2\/product_tag?post=6756"}],"curies":[{"name":"wp","href":"https:\/\/api.w.org\/{rel}","templated":true}]}}