{"id":6503,"date":"2025-02-12T13:27:41","date_gmt":"2025-02-12T12:27:41","guid":{"rendered":"https:\/\/www.liohproducts.com\/?post_type=product&#038;p=6503"},"modified":"2026-03-03T21:15:34","modified_gmt":"2026-03-03T20:15:34","slug":"the-comb-luxury","status":"publish","type":"product","link":"https:\/\/www.liohproducts.com\/en\/shop\/the-comb-luxury\/","title":{"rendered":"The Comb Luxury"},"content":{"rendered":"<p>The Comb Luxury de LI:OH es un peine de fibra de Coco para el cabello, ideal tanto para cabello largo como corto, fabricado con en fibra de Coco por lo que es 100% biodegradable y sostenible. Genera menos electricidad est\u00e1tica y se desliza mejor, por lo que hay menos riego de rotura, debido a su material de fibra de Coco. V\u00e1lido para peinar, tanto para el peinado diario como para la aplicaci\u00f3n de tratamientos.<\/p>\n<p>Nuestros peines de fibra de Coco esta\u0301n fabricados con un material natural, duradero, resistente, sostenible y biodegradable. Por este motivo podr\u00e1s sustituir al tradicional cepillo de pl\u00e1stico y cuidar cabello de un modo responsable.<\/p>\n<h4>MODO DE USO<\/h4>\n<ul>\n<li>Peina tu cabello cada noche antes de acostarte y cada ma\u00f1ana al levantarte, te ayudar\u00e1 a mantenerlo m\u00e1s suelto, limpio y sano.<\/li>\n<li>Peina antes del lavado, tambi\u00e9n te ayudar\u00e1 a que el lavado sea m\u00e1s r\u00e1pido y placentero, ya que tu cabello se enredar\u00e1 menos.<\/li>\n<\/ul>\n","protected":false},"excerpt":{"rendered":"<p><strong>The Comb Luxury<\/strong> de LI:OH<\/p>\n<p>The Comb Luxury de LI:OH es un peine de fibra de Coco para el cabello, ideal tanto para cabello largo como corto, fabricado con en fibra de Coco por lo que es 100% biodegradable y sostenible. Genera menos electricidad est\u00e1tica y se desliza mejor, por lo que hay menos riego de rotura, debido a su material de fibra de Coco. V\u00e1lido para peinar, tanto para el peinado diario como para la aplicaci\u00f3n de tratamientos.<\/p>\n<p>Nuestros peines de fibra de Coco esta\u0301n fabricados con un material natural, duradero, resistente, sostenible y biodegradable. Por este motivo podr\u00e1s sustituir al tradicional cepillo de pl\u00e1stico y cuidar cabello de un modo responsable.<\/p>\n<hr \/>\n<div class=\"accordion-item\">\n<div class=\"accordion-header\">Modo de uso +<\/div>\n<div class=\"accordion-content\">\n<ul>\n<li>Peina tu cabello cada noche antes de acostarte y cada ma\u00f1ana al levantarte, te ayudar\u00e1 a mantenerlo m\u00e1s suelto, limpio y sano.<\/li>\n<li>Peina antes del lavado, tambi\u00e9n te ayudar\u00e1 a que el lavado sea m\u00e1s r\u00e1pido y placentero, ya que tu cabello se enredar\u00e1 menos.<\/li>\n<\/ul>\n<\/div>\n<\/div>\n","protected":false},"featured_media":6545,"template":"","meta":{"_joinchat":[]},"product_brand":[],"product_cat":[370],"product_tag":[],"class_list":{"0":"post-6503","1":"product","2":"type-product","3":"status-publish","4":"has-post-thumbnail","6":"product_cat-accesorios","9":"first","10":"outofstock","11":"taxable","12":"shipping-taxable","13":"purchasable","14":"product-type-simple"},"yoast_head":"<!-- This site is optimized with the Yoast SEO plugin v27.4 - https:\/\/yoast.com\/product\/yoast-seo-wordpress\/ -->\n<title>The Comb Luxury - LI:OH Products<\/title>\n<meta name=\"description\" content=\"The Comb Luxury de LI:OH es un peine de fibra de Coco para el cabello, ideal tanto para cabello largo como corto, fabricado con en fibra de Coco por lo que\" \/>\n<meta name=\"robots\" content=\"index, follow, max-snippet:-1, max-image-preview:large, max-video-preview:-1\" \/>\n<link rel=\"canonical\" href=\"https:\/\/www.liohproducts.com\/en\/shop\/the-comb-luxury\/\" \/>\n<meta property=\"og:locale\" content=\"en_US\" \/>\n<meta property=\"og:type\" content=\"article\" \/>\n<meta property=\"og:title\" content=\"The Comb Luxury - LI:OH Products\" \/>\n<meta property=\"og:description\" content=\"The Comb Luxury de LI:OH es un peine de fibra de Coco para el cabello, ideal tanto para cabello largo como corto, fabricado con en fibra de Coco por lo que\" \/>\n<meta property=\"og:url\" content=\"https:\/\/www.liohproducts.com\/en\/shop\/the-comb-luxury\/\" \/>\n<meta property=\"og:site_name\" content=\"LI:OH Products\" \/>\n<meta property=\"article:publisher\" content=\"https:\/\/www.facebook.com\/liohproducts\" \/>\n<meta property=\"article:modified_time\" content=\"2026-03-03T20:15:34+00:00\" \/>\n<meta property=\"og:image\" content=\"https:\/\/www.liohproducts.com\/wp-content\/uploads\/2025\/02\/239.png\" \/>\n\t<meta property=\"og:image:width\" content=\"1080\" \/>\n\t<meta property=\"og:image:height\" content=\"1080\" \/>\n\t<meta property=\"og:image:type\" content=\"image\/png\" \/>\n<meta name=\"twitter:card\" content=\"summary_large_image\" \/>\n<meta name=\"twitter:label1\" content=\"Est. reading time\" \/>\n\t<meta name=\"twitter:data1\" content=\"1 minute\" \/>\n<script type=\"application\/ld+json\" class=\"yoast-schema-graph\">{\"@context\":\"https:\\\/\\\/schema.org\",\"@graph\":[{\"@type\":\"WebPage\",\"@id\":\"https:\\\/\\\/www.liohproducts.com\\\/en\\\/shop\\\/the-comb-luxury\\\/\",\"url\":\"https:\\\/\\\/www.liohproducts.com\\\/en\\\/shop\\\/the-comb-luxury\\\/\",\"name\":\"The Comb Luxury - LI:OH Products\",\"isPartOf\":{\"@id\":\"https:\\\/\\\/www.liohproducts.com\\\/en\\\/#website\"},\"primaryImageOfPage\":{\"@id\":\"https:\\\/\\\/www.liohproducts.com\\\/en\\\/shop\\\/the-comb-luxury\\\/#primaryimage\"},\"image\":{\"@id\":\"https:\\\/\\\/www.liohproducts.com\\\/en\\\/shop\\\/the-comb-luxury\\\/#primaryimage\"},\"thumbnailUrl\":\"https:\\\/\\\/www.liohproducts.com\\\/wp-content\\\/uploads\\\/2025\\\/02\\\/239.png\",\"datePublished\":\"2025-02-12T12:27:41+00:00\",\"dateModified\":\"2026-03-03T20:15:34+00:00\",\"description\":\"The Comb Luxury de LI:OH es un peine de fibra de Coco para el cabello, ideal tanto para cabello largo como corto, fabricado con en fibra de Coco por lo que\",\"breadcrumb\":{\"@id\":\"https:\\\/\\\/www.liohproducts.com\\\/en\\\/shop\\\/the-comb-luxury\\\/#breadcrumb\"},\"inLanguage\":\"en-US\",\"potentialAction\":[{\"@type\":\"ReadAction\",\"target\":[\"https:\\\/\\\/www.liohproducts.com\\\/en\\\/shop\\\/the-comb-luxury\\\/\"]}]},{\"@type\":\"ImageObject\",\"inLanguage\":\"en-US\",\"@id\":\"https:\\\/\\\/www.liohproducts.com\\\/en\\\/shop\\\/the-comb-luxury\\\/#primaryimage\",\"url\":\"https:\\\/\\\/www.liohproducts.com\\\/wp-content\\\/uploads\\\/2025\\\/02\\\/239.png\",\"contentUrl\":\"https:\\\/\\\/www.liohproducts.com\\\/wp-content\\\/uploads\\\/2025\\\/02\\\/239.png\",\"width\":1080,\"height\":1080},{\"@type\":\"BreadcrumbList\",\"@id\":\"https:\\\/\\\/www.liohproducts.com\\\/en\\\/shop\\\/the-comb-luxury\\\/#breadcrumb\",\"itemListElement\":[{\"@type\":\"ListItem\",\"position\":1,\"name\":\"Beginning\",\"item\":\"https:\\\/\\\/www.liohproducts.com\\\/en\\\/home\\\/\"},{\"@type\":\"ListItem\",\"position\":2,\"name\":\"Shop\",\"item\":\"https:\\\/\\\/www.liohproducts.com\\\/tienda\\\/\"},{\"@type\":\"ListItem\",\"position\":3,\"name\":\"The Comb Luxury\"}]},{\"@type\":\"WebSite\",\"@id\":\"https:\\\/\\\/www.liohproducts.com\\\/en\\\/#website\",\"url\":\"https:\\\/\\\/www.liohproducts.com\\\/en\\\/\",\"name\":\"LI:OH Products\",\"description\":\"We are lovers of fashion, beauty, health and nature.\",\"publisher\":{\"@id\":\"https:\\\/\\\/www.liohproducts.com\\\/en\\\/#organization\"},\"potentialAction\":[{\"@type\":\"SearchAction\",\"target\":{\"@type\":\"EntryPoint\",\"urlTemplate\":\"https:\\\/\\\/www.liohproducts.com\\\/en\\\/?s={search_term_string}\"},\"query-input\":{\"@type\":\"PropertyValueSpecification\",\"valueRequired\":true,\"valueName\":\"search_term_string\"}}],\"inLanguage\":\"en-US\"},{\"@type\":\"Organization\",\"@id\":\"https:\\\/\\\/www.liohproducts.com\\\/en\\\/#organization\",\"name\":\"LI:OH Products\",\"url\":\"https:\\\/\\\/www.liohproducts.com\\\/en\\\/\",\"logo\":{\"@type\":\"ImageObject\",\"inLanguage\":\"en-US\",\"@id\":\"https:\\\/\\\/www.liohproducts.com\\\/en\\\/#\\\/schema\\\/logo\\\/image\\\/\",\"url\":\"https:\\\/\\\/www.liohproducts.com\\\/wp-content\\\/uploads\\\/2020\\\/07\\\/Logo-160x160-1.jpg\",\"contentUrl\":\"https:\\\/\\\/www.liohproducts.com\\\/wp-content\\\/uploads\\\/2020\\\/07\\\/Logo-160x160-1.jpg\",\"width\":160,\"height\":160,\"caption\":\"LI:OH Products\"},\"image\":{\"@id\":\"https:\\\/\\\/www.liohproducts.com\\\/en\\\/#\\\/schema\\\/logo\\\/image\\\/\"},\"sameAs\":[\"https:\\\/\\\/www.facebook.com\\\/liohproducts\",\"https:\\\/\\\/www.instagram.com\\\/liohproducts\\\/\"]}]}<\/script>\n<!-- \/ Yoast SEO plugin. -->","yoast_head_json":{"title":"The Comb Luxury - LI:OH Products","description":"The Comb Luxury de LI:OH es un peine de fibra de Coco para el cabello, ideal tanto para cabello largo como corto, fabricado con en fibra de Coco por lo que","robots":{"index":"index","follow":"follow","max-snippet":"max-snippet:-1","max-image-preview":"max-image-preview:large","max-video-preview":"max-video-preview:-1"},"canonical":"https:\/\/www.liohproducts.com\/en\/shop\/the-comb-luxury\/","og_locale":"en_US","og_type":"article","og_title":"The Comb Luxury - LI:OH Products","og_description":"The Comb Luxury de LI:OH es un peine de fibra de Coco para el cabello, ideal tanto para cabello largo como corto, fabricado con en fibra de Coco por lo que","og_url":"https:\/\/www.liohproducts.com\/en\/shop\/the-comb-luxury\/","og_site_name":"LI:OH Products","article_publisher":"https:\/\/www.facebook.com\/liohproducts","article_modified_time":"2026-03-03T20:15:34+00:00","og_image":[{"width":1080,"height":1080,"url":"https:\/\/www.liohproducts.com\/wp-content\/uploads\/2025\/02\/239.png","type":"image\/png"}],"twitter_card":"summary_large_image","twitter_misc":{"Est. reading time":"1 minute"},"schema":{"@context":"https:\/\/schema.org","@graph":[{"@type":"WebPage","@id":"https:\/\/www.liohproducts.com\/en\/shop\/the-comb-luxury\/","url":"https:\/\/www.liohproducts.com\/en\/shop\/the-comb-luxury\/","name":"The Comb Luxury - LI:OH Products","isPartOf":{"@id":"https:\/\/www.liohproducts.com\/en\/#website"},"primaryImageOfPage":{"@id":"https:\/\/www.liohproducts.com\/en\/shop\/the-comb-luxury\/#primaryimage"},"image":{"@id":"https:\/\/www.liohproducts.com\/en\/shop\/the-comb-luxury\/#primaryimage"},"thumbnailUrl":"https:\/\/www.liohproducts.com\/wp-content\/uploads\/2025\/02\/239.png","datePublished":"2025-02-12T12:27:41+00:00","dateModified":"2026-03-03T20:15:34+00:00","description":"The Comb Luxury de LI:OH es un peine de fibra de Coco para el cabello, ideal tanto para cabello largo como corto, fabricado con en fibra de Coco por lo que","breadcrumb":{"@id":"https:\/\/www.liohproducts.com\/en\/shop\/the-comb-luxury\/#breadcrumb"},"inLanguage":"en-US","potentialAction":[{"@type":"ReadAction","target":["https:\/\/www.liohproducts.com\/en\/shop\/the-comb-luxury\/"]}]},{"@type":"ImageObject","inLanguage":"en-US","@id":"https:\/\/www.liohproducts.com\/en\/shop\/the-comb-luxury\/#primaryimage","url":"https:\/\/www.liohproducts.com\/wp-content\/uploads\/2025\/02\/239.png","contentUrl":"https:\/\/www.liohproducts.com\/wp-content\/uploads\/2025\/02\/239.png","width":1080,"height":1080},{"@type":"BreadcrumbList","@id":"https:\/\/www.liohproducts.com\/en\/shop\/the-comb-luxury\/#breadcrumb","itemListElement":[{"@type":"ListItem","position":1,"name":"Beginning","item":"https:\/\/www.liohproducts.com\/en\/home\/"},{"@type":"ListItem","position":2,"name":"Shop","item":"https:\/\/www.liohproducts.com\/tienda\/"},{"@type":"ListItem","position":3,"name":"The Comb Luxury"}]},{"@type":"WebSite","@id":"https:\/\/www.liohproducts.com\/en\/#website","url":"https:\/\/www.liohproducts.com\/en\/","name":"LI:OH Products","description":"We are lovers of fashion, beauty, health and nature.","publisher":{"@id":"https:\/\/www.liohproducts.com\/en\/#organization"},"potentialAction":[{"@type":"SearchAction","target":{"@type":"EntryPoint","urlTemplate":"https:\/\/www.liohproducts.com\/en\/?s={search_term_string}"},"query-input":{"@type":"PropertyValueSpecification","valueRequired":true,"valueName":"search_term_string"}}],"inLanguage":"en-US"},{"@type":"Organization","@id":"https:\/\/www.liohproducts.com\/en\/#organization","name":"LI:OH Products","url":"https:\/\/www.liohproducts.com\/en\/","logo":{"@type":"ImageObject","inLanguage":"en-US","@id":"https:\/\/www.liohproducts.com\/en\/#\/schema\/logo\/image\/","url":"https:\/\/www.liohproducts.com\/wp-content\/uploads\/2020\/07\/Logo-160x160-1.jpg","contentUrl":"https:\/\/www.liohproducts.com\/wp-content\/uploads\/2020\/07\/Logo-160x160-1.jpg","width":160,"height":160,"caption":"LI:OH Products"},"image":{"@id":"https:\/\/www.liohproducts.com\/en\/#\/schema\/logo\/image\/"},"sameAs":["https:\/\/www.facebook.com\/liohproducts","https:\/\/www.instagram.com\/liohproducts\/"]}]}},"jetpack_sharing_enabled":true,"_links":{"self":[{"href":"https:\/\/www.liohproducts.com\/en\/wp-json\/wp\/v2\/product\/6503","targetHints":{"allow":["GET"]}}],"collection":[{"href":"https:\/\/www.liohproducts.com\/en\/wp-json\/wp\/v2\/product"}],"about":[{"href":"https:\/\/www.liohproducts.com\/en\/wp-json\/wp\/v2\/types\/product"}],"wp:featuredmedia":[{"embeddable":true,"href":"https:\/\/www.liohproducts.com\/en\/wp-json\/wp\/v2\/media\/6545"}],"wp:attachment":[{"href":"https:\/\/www.liohproducts.com\/en\/wp-json\/wp\/v2\/media?parent=6503"}],"wp:term":[{"taxonomy":"product_brand","embeddable":true,"href":"https:\/\/www.liohproducts.com\/en\/wp-json\/wp\/v2\/product_brand?post=6503"},{"taxonomy":"product_cat","embeddable":true,"href":"https:\/\/www.liohproducts.com\/en\/wp-json\/wp\/v2\/product_cat?post=6503"},{"taxonomy":"product_tag","embeddable":true,"href":"https:\/\/www.liohproducts.com\/en\/wp-json\/wp\/v2\/product_tag?post=6503"}],"curies":[{"name":"wp","href":"https:\/\/api.w.org\/{rel}","templated":true}]}}