{"id":6270,"date":"2025-01-06T17:45:17","date_gmt":"2025-01-06T16:45:17","guid":{"rendered":"https:\/\/www.liohproducts.com\/?post_type=product&#038;p=6270"},"modified":"2026-02-23T10:52:06","modified_gmt":"2026-02-23T09:52:06","slug":"the-holy-oil-instant-beauty-therapy","status":"publish","type":"product","link":"https:\/\/www.liohproducts.com\/en\/shop\/the-holy-oil-instant-beauty-therapy\/","title":{"rendered":"The Holy Oil &#8211; Instant Beauty Therapy"},"content":{"rendered":"<p><b>The Holy Oil<\/b><span style=\"font-weight: 400;\"> una terapia capilar instant\u00e1nea formulada con aceites naturales de gran pureza, que repara nutre y protege desde la primera aplicaci\u00f3n, aportando suavidad, brillo y un acabado sedoso, reduciendo el encrespamiento y protegiendo contra agresiones externas. Ideal para cabellos secos, mates y da\u00f1ados.<\/span><\/p>\n<h4><strong>MODO DE EMPLEO<\/strong><\/h4>\n<p><span class=\"selectable-text copyable-text false\">Aplicar unas gotas de Holy Oil en la palma de la mano y emulsionar para repartir.<\/span><\/p>\n<p><b>\u00a0<\/b><b>En cabello mojado:<\/b><\/p>\n<ul>\n<li><span style=\"font-weight: 400;\">Aplica 1-2 gotas en la palma de la mano, emulsiona y distribuye mech\u00f3n por mech\u00f3n.<\/span><\/li>\n<li><span style=\"font-weight: 400;\">Peina para repartir uniformemente.<\/span><\/li>\n<\/ul>\n<p><b>En cabello seco:<\/b><\/p>\n<ul>\n<li><span style=\"font-weight: 400;\">Aplica 1 gota, emulsiona en las manos y distribuye en medios y puntas.<\/span><\/li>\n<li><span style=\"font-weight: 400;\">Ideal para un acabado suave, brillante y libre de frizz.<\/span><\/li>\n<\/ul>\n<p><b>Como booster:<\/b><\/p>\n<ul>\n<li><span style=\"font-weight: 400;\">Mezcla 1-2 gotas con tu mascarilla o tratamiento favorito para potenciar su e<\/span><span style=\"font-weight: 400;\">fecto reparador.<\/span><\/li>\n<\/ul>\n<h4><strong>BENEFICIOS<\/strong><\/h4>\n<ul>\n<li><span style=\"vertical-align: inherit;\"><span style=\"vertical-align: inherit;\">Dermatol\u00f3gicamente probado.<\/span><\/span><\/li>\n<li><span style=\"vertical-align: inherit;\"><span style=\"vertical-align: inherit;\">vegano<\/span><\/span><\/li>\n<\/ul>\n<h4><strong><span style=\"vertical-align: inherit;\"><span style=\"vertical-align: inherit;\">INGREDIENTES<\/span><\/span><\/strong><\/h4>\n<p><strong>Ingredientes principales:<\/strong><\/p>\n<ul>\n<li><b>ACEITE DE ARG\u00c1N:<br \/>\n<\/b><b>Aporta al cabello:<\/b> Hidrataci\u00f3n profunda y antioxidantes que previenen el da\u00f1o.<br \/>\n<b>Beneficios:<\/b><span style=\"font-weight: 400;\"><span style=\"font-weight: 400;\"> Repara puntas abiertas, mejora la elasticidad y aporta un brillo saludable.<\/span><\/span><\/li>\n<li><b>ACEITE DE COCO<br \/>\n<\/b><b>Aporta al cabello:<\/b> \u00c1cidos grasos esenciales que penetran profundamente en la fibra capilar.<br \/>\n<b>Beneficios:<\/b><span style=\"font-weight: 400;\"><span style=\"font-weight: 400;\"> Hidrata, suaviza y reduce la p\u00e9rdida de prote\u00ednas causada por el calor y los qu\u00edmicos.<\/span><\/span><\/li>\n<li><b>ACEITE DE LINO<br \/>\n<\/b><b>Aporta al cabello:<\/b> Omega 3 y 6 que restauran la barrera lip\u00eddica del cabello.<br \/>\n<b>Beneficios:<\/b><span style=\"font-weight: 400;\"><span style=\"font-weight: 400;\"> Potencia el brillo, reduce el encrespamiento y mejora la manejabilidad del cabello.<\/span><\/span><\/li>\n<li><b>ACEITE DE GIRASOL<br \/>\n<\/b><b>Aporta al cabello:<\/b> Vitamina E y antioxidantes que protegen contra los rayos UV.<br \/>\n<b>Beneficios:<\/b><span style=\"font-weight: 400;\"><span style=\"font-weight: 400;\"> Aumenta la suavidad, protege del da\u00f1o solar y mejora la hidrataci\u00f3n.<\/span><\/span><\/li>\n<li><b>ACEITE DE MACADAMIA<br \/>\n<\/b><b>Aporta al cabello:<\/b> Omega 7, conocido por su alta capacidad de regeneraci\u00f3n capilar.<br \/>\n<b>Beneficios:<\/b><span style=\"font-weight: 400;\"><span style=\"font-weight: 400;\"> Nutre, suaviza y reduce notablemente el frizz.<\/span><\/span><\/li>\n<li><b>ACEITE DE OLIVA<br \/>\n<\/b><b>Aporta al cabello:<\/b> Hidrataci\u00f3n intensa gracias a sus \u00e1cidos grasos y vitamina E.<br \/>\n<b>Beneficios:<\/b><span style=\"font-weight: 400;\"><span style=\"font-weight: 400;\"> Repara el cabello da\u00f1ado, mejora la elasticidad y aporta un acabado sedoso.<\/span><\/span><\/li>\n<li><b>ACEITE DE AGUACATE<br \/>\n<\/b><b>Aporta al cabello:<\/b> Vitaminas A, D y E para un cuidado intensivo.<br \/>\n<b>Beneficios:<\/b><span style=\"font-weight: 400;\"><span style=\"font-weight: 400;\"> Fortalece el cabello, protege contra da\u00f1os t\u00e9rmicos y promueve el crecimiento saludable.<\/span><\/span><\/li>\n<li><b>ACEITE DE ROMERO<br \/>\n<\/b><b>Aporta al cabello:<\/b> Propiedades estimulantes que mejoran la circulaci\u00f3n del cuero cabelludo.<br \/>\n<b>Beneficios:<\/b><span style=\"font-weight: 400;\"><span style=\"font-weight: 400;\"> Estimula el crecimiento, fortalece las ra\u00edces y reduce la ca\u00edda del cabello.<\/span><\/span><\/li>\n<li><b>ACEITE DE YLANG YLANG<br \/>\n<\/b><b>Aporta al cabello:<\/b> Equilibra la producci\u00f3n de sebo y promueve la hidrataci\u00f3n.<br \/>\n<b>Beneficios:<\/b><span style=\"font-weight: 400;\"> Aumenta la vitalidad, reduce el quiebre y deja un aroma relajante.<\/span><\/li>\n<\/ul>\n<p><strong><span style=\"vertical-align: inherit;\"><span style=\"vertical-align: inherit;\">Lista completa de ingredientes:<\/span><\/span><\/strong><\/p>\n<p>&nbsp;<\/p>\n<p><span style=\"font-weight: 400;\"><span style=\"vertical-align: inherit;\"><span style=\"vertical-align: inherit;\">Dimeticona, Dimeticonol, Aceite de semilla de Argania Spinosa*, Aceite de coco Nucifera, Aceite de semilla de Linum Usitatissimum, Aceite de semilla de Helianthus Annuus, Aceite de semilla de Macadamia Ternifolia, Aceite de fruta de Olea Europaea, <\/span><\/span><\/span><span style=\"font-weight: 400;\"><span style=\"vertical-align: inherit;\"><span style=\"vertical-align: inherit;\">Aceite de Persea Gratissima, Aceite\/extracto de Cananga Odorata, Hoja de Romero Officinalis Extracto, tocoferol, fragancia, geraniol**, citronelol**, citral**, linalool**, limoneno**, betacariofileno**, <\/span><\/span><\/span><span style=\"font-weight: 400;\"><span style=\"vertical-align: inherit;\"><span style=\"vertical-align: inherit;\">vainillina**, aceite de c\u00e1scara de bergamia de Citrus Aurantium**, benzoato de bencilo**, terpineol**. , salicilato de bencilo**, farnesol**, pineno**, aceite de c\u00e1scara de lim\u00f3n c\u00edtrico**, linalilo Acetato**, Acetato de geranilo**, Aceite de enebro de Virginia**<\/span><\/span><\/span><\/p>\n<p><span style=\"font-weight: 400;\"><span style=\"vertical-align: inherit;\"><span style=\"vertical-align: inherit;\">*Ingrediente procedente de agricultura ecol\u00f3gica<\/span><\/span><\/span><\/p>\n<p><span style=\"font-weight: 400;\">**Ingrediente natural de los perfumes y aceites esenciales<\/span><\/p>\n<p>&nbsp;<\/p>\n","protected":false},"excerpt":{"rendered":"<h2>Nuestro Aceite mas sagrado, tu cabello suave y brillante con una sola gota<\/h2>\n<p>LI:OH <b>The Holy Oil<\/b><\/p>\n<p><span style=\"font-weight: 400;\">\ud83d\udc8e Aceite capilar para suavidad y brillo instant\u00e1neos<\/span><\/p>\n<p><span style=\"font-weight: 400;\">\ud83c\udf31 Formulado con 9 aceites naturales de gran pureza<\/span><\/p>\n<p>\ud83e\uddea Formula super concentrada de alto rendimiento (hasta 6 meses de duraci\u00f3n)<\/p>\n<p>\ud83d\udc4b Adi\u00f3s al cabello da\u00f1ado, seco y sin brillo<\/p>\n<p><span style=\"font-weight: 400;\">\ud83c\udf3f Repara el cabello da\u00f1ado<\/span><\/p>\n<p><span style=\"font-weight: 400;\">\ud83d\udd12 Sella las puntas abiertas <\/span><\/p>\n<p><span style=\"font-weight: 400;\">\ud83e\udd51 Nutre y protege desde la primera aplicaci\u00f3n<\/span><\/p>\n<p><span style=\"font-weight: 400;\">\u2728M\u00e1xima suavidad, brillo y un acabado sedoso<\/span><\/p>\n<p><span style=\"font-weight: 400;\">\ud83c\udf1f Reduce notablemente el encrespamiento <\/span><\/p>\n<p><span style=\"font-weight: 400;\">\ud83d\udee1\ufe0f Protege contra agresiones externas, calor, rayos solares y radicales libres<\/span><\/p>\n<hr \/>\n<div class=\"accordion-item\">\n<div class=\"accordion-header\">Modo de empleo +<\/div>\n<div class=\"accordion-content\">\n<p>Aplicar unas gotas de Holy Oil en la palma de la mano y emulsionar para repartir.<b><\/b><\/p>\n<p><b>En cabello mojado:<\/b><\/p>\n<ul>\n<li><span style=\"font-weight: 400;\">Aplica 1-2 gotas en la palma de la mano, emulsiona y distribuye mech\u00f3n por mech\u00f3n.<\/span><\/li>\n<li><span style=\"font-weight: 400;\">Peina para repartir uniformemente.<\/span><\/li>\n<\/ul>\n<p><b>En cabello seco:<\/b><\/p>\n<ul>\n<li><span style=\"font-weight: 400;\">Aplica 1 gota, emulsiona en las manos y distribuye en medios y puntas.<\/span><\/li>\n<li><span style=\"font-weight: 400;\"><span style=\"font-weight: 400;\">Tu cabello suave, brillante y libre de frizz en menos de un minuto.<\/span><\/span><\/li>\n<\/ul>\n<p><b>Tratamiento nocturno:<\/b><\/p>\n<ul>\n<li style=\"list-style-type: none;\">\n<ul>\n<li><span style=\"font-weight: 400;\">Por la noche sobre cabello seco aplica 1 gota, emulsiona en las manos y distribuye en medios y puntas.<\/span><\/li>\n<li><span style=\"font-weight: 400;\">Cerrar\u00e1 tus puntas y evitara la rotura de tu cabello<\/span><\/li>\n<li>Dormir\u00e1s mejor gracias a su suave y relajante fragancia<\/li>\n<\/ul>\n<\/li>\n<\/ul>\n<p><b>Como booster:<\/b><\/p>\n<ul>\n<li><span style=\"font-weight: 400;\">Mezcla 2 gotas a tu mascarilla o tratamiento favorito para potenciar su brillo y e<\/span><span style=\"font-weight: 400;\">fecto reparador.\u00a0<\/span><\/li>\n<\/ul>\n<\/div>\n<\/div>\n<div class=\"accordion-item\">\n<div class=\"accordion-header\">Compuesto por +<\/div>\n<div class=\"accordion-content\">\n<p><span style=\"vertical-align: inherit;\"><span style=\"vertical-align: inherit;\">El \u00d3leo Santo &#8211; 50 ml<\/span><\/span><\/p>\n<\/div>\n<\/div>\n<div class=\"accordion-item\">\n<div class=\"accordion-header\"><span style=\"vertical-align: inherit;\"><span style=\"vertical-align: inherit;\">Ingredientes +<\/span><\/span><\/div>\n<div class=\"accordion-content\">\n<p><strong>Ingredientes principales:<\/strong><\/p>\n<ul>\n<li style=\"font-weight: 400;\" aria-level=\"1\"><strong>A<\/strong><b>CEITE DE ARG\u00c1N:<br \/>\n<\/b><b>Aporta al cabello:<\/b> Hidrataci\u00f3n profunda y antioxidantes que previenen el da\u00f1o.<br \/>\n<b>Beneficios:<\/b><span style=\"font-weight: 400;\"><span style=\"font-weight: 400;\"><span style=\"font-weight: 400;\"> Repara puntas abiertas, mejora la elasticidad y aporta un brillo saludable.<\/span><\/span><\/span><\/li>\n<li><b>ACEITE DE COCO<br \/>\n<\/b><b>Aporta al cabello:<\/b> \u00c1cidos grasos esenciales que penetran profundamente en la fibra capilar.<br \/>\n<b>Beneficios:<\/b><span style=\"font-weight: 400;\"><span style=\"font-weight: 400;\"><span style=\"font-weight: 400;\"> Hidrata, suaviza y reduce la p\u00e9rdida de prote\u00ednas causada por el calor y los qu\u00edmicos.<\/span><\/span><\/span><\/li>\n<li><b>ACEITE DE LINO<br \/>\n<\/b><b>Aporta al cabello:<\/b> Omega 3 y 6 que restauran la barrera lip\u00eddica del cabello.<br \/>\n<b>Beneficios:<\/b><span style=\"font-weight: 400;\"><span style=\"font-weight: 400;\"><span style=\"font-weight: 400;\"> Potencia el brillo, reduce el encrespamiento y mejora la manejabilidad del cabello.<\/span><\/span><\/span><\/li>\n<li><b>ACEITE DE GIRASOL<br \/>\n<\/b><b>Aporta al cabello:<\/b> Vitamina E y antioxidantes que protegen contra los rayos UV.<br \/>\n<b>Beneficios:<\/b><span style=\"font-weight: 400;\"><span style=\"font-weight: 400;\"><span style=\"font-weight: 400;\"> Aumenta la suavidad, protege del da\u00f1o solar y mejora la hidrataci\u00f3n.<\/span><\/span><\/span><\/li>\n<li><b>ACEITE DE MACADAMIA<br \/>\n<\/b><b>Aporta al cabello:<\/b> Omega 7, conocido por su alta capacidad de regeneraci\u00f3n capilar.<br \/>\n<b>Beneficios:<\/b><span style=\"font-weight: 400;\"><span style=\"font-weight: 400;\"><span style=\"font-weight: 400;\"> Nutre, suaviza y reduce notablemente el frizz.<\/span><\/span><\/span><\/li>\n<li><b>ACEITE DE OLIVA<br \/>\n<\/b><b>Aporta al cabello:<\/b> Hidrataci\u00f3n intensa gracias a sus \u00e1cidos grasos y vitamina E.<br \/>\n<b>Beneficios:<\/b><span style=\"font-weight: 400;\"><span style=\"font-weight: 400;\"><span style=\"font-weight: 400;\"> Repara el cabello da\u00f1ado, mejora la elasticidad y aporta un acabado sedoso.<\/span><\/span><\/span><\/li>\n<li><b>ACEITE DE AGUACATE<br \/>\n<\/b><b>Aporta al cabello:<\/b> Vitaminas A, D y E para un cuidado intensivo.<br \/>\n<b>Beneficios:<\/b><span style=\"font-weight: 400;\"><span style=\"font-weight: 400;\"><span style=\"font-weight: 400;\"> Fortalece el cabello, protege contra da\u00f1os t\u00e9rmicos y promueve el crecimiento saludable.<\/span><\/span><\/span><\/li>\n<li><b>ACEITE DE ROMERO<br \/>\n<\/b><b>Aporta al cabello:<\/b> Propiedades estimulantes que mejoran la circulaci\u00f3n del cuero cabelludo.<br \/>\n<b>Beneficios:<\/b><span style=\"font-weight: 400;\"><span style=\"font-weight: 400;\"><span style=\"font-weight: 400;\"> Estimula el crecimiento, fortalece las ra\u00edces y reduce la ca\u00edda del cabello.<\/span><\/span><\/span><\/li>\n<li><b>ACEITE DE YLANG YLANG<br \/>\n<\/b><b>Aporta al cabello:<\/b> Equilibra la producci\u00f3n de sebo y promueve la hidrataci\u00f3n.<br \/>\n<b>Beneficios:<\/b><span style=\"font-weight: 400;\"> Aumenta la vitalidad, reduce el quiebre y deja un aroma relajante.<\/span><\/li>\n<\/ul>\n<p><b><span style=\"vertical-align: inherit;\"><span style=\"vertical-align: inherit;\">Lista completa de ingredientes:<\/span><\/span><\/b><\/p>\n<p><span style=\"font-weight: 400;\"><span style=\"vertical-align: inherit;\"><span style=\"vertical-align: inherit;\">Dimeticona, Dimeticonol, Aceite de semilla de Argania Spinosa*, Aceite de coco Nucifera, Aceite de semilla de Linum Usitatissimum, Aceite de semilla de Helianthus Annuus, Aceite de semilla de Macadamia Ternifolia, Aceite de fruta de Olea Europaea, <\/span><\/span><\/span><span style=\"font-weight: 400;\"><span style=\"vertical-align: inherit;\"><span style=\"vertical-align: inherit;\">Aceite de Persea Gratissima, Aceite\/extracto de Cananga Odorata, Hoja de Romero Officinalis Extracto, tocoferol, fragancia, geraniol**, citronelol**, citral**, linalool**, limoneno**, betacariofileno**, <\/span><\/span><\/span><span style=\"font-weight: 400;\"><span style=\"vertical-align: inherit;\"><span style=\"vertical-align: inherit;\">vainillina**, aceite de c\u00e1scara de bergamia de Citrus Aurantium**, benzoato de bencilo**, terpineol**. , salicilato de bencilo**, farnesol**, pineno**, aceite de c\u00e1scara de lim\u00f3n c\u00edtrico**, linalilo Acetato**, Acetato de geranilo**, Aceite de enebro de Virginia**<\/span><\/span><\/span><\/p>\n<p><span style=\"font-weight: 400;\">*Ingrediente procedente de agricultura ecol\u00f3gica.<\/span><span style=\"font-weight: 400;\"><br \/>\n<\/span><span style=\"font-weight: 400;\">**Ingrediente natural de los perfumes y aceites esenciales<\/span>.<\/p>\n<\/div>\n<\/div>\n<div class=\"accordion-item\">\n<div class=\"accordion-header\">Preguntas frecuentes +<\/div>\n<div class=\"accordion-content\">\n<p>Uso externo. Evitar el contacto con los ojos.<\/p>\n<\/div>\n<\/div>\n<hr \/>\n<div class=\"espacio-10px\"><\/div>\n<p><strong>\ud83c\udf96\ufe0fGarant\u00eda de satisfacci\u00f3n incondicional:\u00a0<\/strong>Si en 30 d\u00edas no quedas satisfecha te lo cambiamos o devolvemos gratis y sin pedir explicaciones.<\/p>\n","protected":false},"featured_media":6603,"template":"","meta":{"_joinchat":[]},"product_brand":[],"product_cat":[176,170],"product_tag":[],"class_list":{"0":"post-6270","1":"product","2":"type-product","3":"status-publish","4":"has-post-thumbnail","6":"product_cat-geles-y-cremas-de-estilo","7":"product_cat-tratamientos-y-acondicionadores-liquidos-estandar","10":"first","11":"instock","12":"taxable","13":"shipping-taxable","14":"purchasable","15":"product-type-simple"},"yoast_head":"<!-- This site is optimized with the Yoast SEO plugin v27.4 - https:\/\/yoast.com\/product\/yoast-seo-wordpress\/ -->\n<title>The Holy Oil - Instant Beauty Therapy - LI:OH Products<\/title>\n<meta name=\"description\" content=\"The Holy Oil una terapia capilar instant\u00e1nea formulada con aceites naturales de gran pureza, que repara nutre y protege desde la primera aplicaci\u00f3n, aportan\" \/>\n<meta name=\"robots\" content=\"index, follow, max-snippet:-1, max-image-preview:large, max-video-preview:-1\" \/>\n<link rel=\"canonical\" href=\"https:\/\/www.liohproducts.com\/en\/shop\/the-holy-oil-instant-beauty-therapy\/\" \/>\n<meta property=\"og:locale\" content=\"en_US\" \/>\n<meta property=\"og:type\" content=\"article\" \/>\n<meta property=\"og:title\" content=\"The Holy Oil - Instant Beauty Therapy - LI:OH Products\" \/>\n<meta property=\"og:description\" content=\"The Holy Oil una terapia capilar instant\u00e1nea formulada con aceites naturales de gran pureza, que repara nutre y protege desde la primera aplicaci\u00f3n, aportan\" \/>\n<meta property=\"og:url\" content=\"https:\/\/www.liohproducts.com\/en\/shop\/the-holy-oil-instant-beauty-therapy\/\" \/>\n<meta property=\"og:site_name\" content=\"LI:OH Products\" \/>\n<meta property=\"article:publisher\" content=\"https:\/\/www.facebook.com\/liohproducts\" \/>\n<meta property=\"article:modified_time\" content=\"2026-02-23T09:52:06+00:00\" \/>\n<meta property=\"og:image\" content=\"https:\/\/www.liohproducts.com\/wp-content\/uploads\/2025\/01\/IMG_3884-scaled.jpeg\" \/>\n\t<meta property=\"og:image:width\" content=\"1920\" \/>\n\t<meta property=\"og:image:height\" content=\"2560\" \/>\n\t<meta property=\"og:image:type\" content=\"image\/jpeg\" \/>\n<meta name=\"twitter:card\" content=\"summary_large_image\" \/>\n<meta name=\"twitter:label1\" content=\"Est. reading time\" \/>\n\t<meta name=\"twitter:data1\" content=\"3 minutes\" \/>\n<script type=\"application\/ld+json\" class=\"yoast-schema-graph\">{\"@context\":\"https:\\\/\\\/schema.org\",\"@graph\":[{\"@type\":\"WebPage\",\"@id\":\"https:\\\/\\\/www.liohproducts.com\\\/en\\\/shop\\\/the-holy-oil-instant-beauty-therapy\\\/\",\"url\":\"https:\\\/\\\/www.liohproducts.com\\\/en\\\/shop\\\/the-holy-oil-instant-beauty-therapy\\\/\",\"name\":\"The Holy Oil - Instant Beauty Therapy - LI:OH Products\",\"isPartOf\":{\"@id\":\"https:\\\/\\\/www.liohproducts.com\\\/en\\\/#website\"},\"primaryImageOfPage\":{\"@id\":\"https:\\\/\\\/www.liohproducts.com\\\/en\\\/shop\\\/the-holy-oil-instant-beauty-therapy\\\/#primaryimage\"},\"image\":{\"@id\":\"https:\\\/\\\/www.liohproducts.com\\\/en\\\/shop\\\/the-holy-oil-instant-beauty-therapy\\\/#primaryimage\"},\"thumbnailUrl\":\"https:\\\/\\\/www.liohproducts.com\\\/wp-content\\\/uploads\\\/2025\\\/01\\\/IMG_3884-scaled.jpeg\",\"datePublished\":\"2025-01-06T16:45:17+00:00\",\"dateModified\":\"2026-02-23T09:52:06+00:00\",\"description\":\"The Holy Oil una terapia capilar instant\u00e1nea formulada con aceites naturales de gran pureza, que repara nutre y protege desde la primera aplicaci\u00f3n, aportan\",\"breadcrumb\":{\"@id\":\"https:\\\/\\\/www.liohproducts.com\\\/en\\\/shop\\\/the-holy-oil-instant-beauty-therapy\\\/#breadcrumb\"},\"inLanguage\":\"en-US\",\"potentialAction\":[{\"@type\":\"ReadAction\",\"target\":[\"https:\\\/\\\/www.liohproducts.com\\\/en\\\/shop\\\/the-holy-oil-instant-beauty-therapy\\\/\"]}]},{\"@type\":\"ImageObject\",\"inLanguage\":\"en-US\",\"@id\":\"https:\\\/\\\/www.liohproducts.com\\\/en\\\/shop\\\/the-holy-oil-instant-beauty-therapy\\\/#primaryimage\",\"url\":\"https:\\\/\\\/www.liohproducts.com\\\/wp-content\\\/uploads\\\/2025\\\/01\\\/IMG_3884-scaled.jpeg\",\"contentUrl\":\"https:\\\/\\\/www.liohproducts.com\\\/wp-content\\\/uploads\\\/2025\\\/01\\\/IMG_3884-scaled.jpeg\",\"width\":1920,\"height\":2560},{\"@type\":\"BreadcrumbList\",\"@id\":\"https:\\\/\\\/www.liohproducts.com\\\/en\\\/shop\\\/the-holy-oil-instant-beauty-therapy\\\/#breadcrumb\",\"itemListElement\":[{\"@type\":\"ListItem\",\"position\":1,\"name\":\"Beginning\",\"item\":\"https:\\\/\\\/www.liohproducts.com\\\/en\\\/home\\\/\"},{\"@type\":\"ListItem\",\"position\":2,\"name\":\"Shop\",\"item\":\"https:\\\/\\\/www.liohproducts.com\\\/tienda\\\/\"},{\"@type\":\"ListItem\",\"position\":3,\"name\":\"The Holy Oil &#8211; Instant Beauty Therapy\"}]},{\"@type\":\"WebSite\",\"@id\":\"https:\\\/\\\/www.liohproducts.com\\\/en\\\/#website\",\"url\":\"https:\\\/\\\/www.liohproducts.com\\\/en\\\/\",\"name\":\"LI:OH Products\",\"description\":\"We are lovers of fashion, beauty, health and nature.\",\"publisher\":{\"@id\":\"https:\\\/\\\/www.liohproducts.com\\\/en\\\/#organization\"},\"potentialAction\":[{\"@type\":\"SearchAction\",\"target\":{\"@type\":\"EntryPoint\",\"urlTemplate\":\"https:\\\/\\\/www.liohproducts.com\\\/en\\\/?s={search_term_string}\"},\"query-input\":{\"@type\":\"PropertyValueSpecification\",\"valueRequired\":true,\"valueName\":\"search_term_string\"}}],\"inLanguage\":\"en-US\"},{\"@type\":\"Organization\",\"@id\":\"https:\\\/\\\/www.liohproducts.com\\\/en\\\/#organization\",\"name\":\"LI:OH Products\",\"url\":\"https:\\\/\\\/www.liohproducts.com\\\/en\\\/\",\"logo\":{\"@type\":\"ImageObject\",\"inLanguage\":\"en-US\",\"@id\":\"https:\\\/\\\/www.liohproducts.com\\\/en\\\/#\\\/schema\\\/logo\\\/image\\\/\",\"url\":\"https:\\\/\\\/www.liohproducts.com\\\/wp-content\\\/uploads\\\/2020\\\/07\\\/Logo-160x160-1.jpg\",\"contentUrl\":\"https:\\\/\\\/www.liohproducts.com\\\/wp-content\\\/uploads\\\/2020\\\/07\\\/Logo-160x160-1.jpg\",\"width\":160,\"height\":160,\"caption\":\"LI:OH Products\"},\"image\":{\"@id\":\"https:\\\/\\\/www.liohproducts.com\\\/en\\\/#\\\/schema\\\/logo\\\/image\\\/\"},\"sameAs\":[\"https:\\\/\\\/www.facebook.com\\\/liohproducts\",\"https:\\\/\\\/www.instagram.com\\\/liohproducts\\\/\"]}]}<\/script>\n<!-- \/ Yoast SEO plugin. -->","yoast_head_json":{"title":"The Holy Oil - Instant Beauty Therapy - LI:OH Products","description":"The Holy Oil una terapia capilar instant\u00e1nea formulada con aceites naturales de gran pureza, que repara nutre y protege desde la primera aplicaci\u00f3n, aportan","robots":{"index":"index","follow":"follow","max-snippet":"max-snippet:-1","max-image-preview":"max-image-preview:large","max-video-preview":"max-video-preview:-1"},"canonical":"https:\/\/www.liohproducts.com\/en\/shop\/the-holy-oil-instant-beauty-therapy\/","og_locale":"en_US","og_type":"article","og_title":"The Holy Oil - Instant Beauty Therapy - LI:OH Products","og_description":"The Holy Oil una terapia capilar instant\u00e1nea formulada con aceites naturales de gran pureza, que repara nutre y protege desde la primera aplicaci\u00f3n, aportan","og_url":"https:\/\/www.liohproducts.com\/en\/shop\/the-holy-oil-instant-beauty-therapy\/","og_site_name":"LI:OH Products","article_publisher":"https:\/\/www.facebook.com\/liohproducts","article_modified_time":"2026-02-23T09:52:06+00:00","og_image":[{"width":1920,"height":2560,"url":"https:\/\/www.liohproducts.com\/wp-content\/uploads\/2025\/01\/IMG_3884-scaled.jpeg","type":"image\/jpeg"}],"twitter_card":"summary_large_image","twitter_misc":{"Est. reading time":"3 minutes"},"schema":{"@context":"https:\/\/schema.org","@graph":[{"@type":"WebPage","@id":"https:\/\/www.liohproducts.com\/en\/shop\/the-holy-oil-instant-beauty-therapy\/","url":"https:\/\/www.liohproducts.com\/en\/shop\/the-holy-oil-instant-beauty-therapy\/","name":"The Holy Oil - Instant Beauty Therapy - LI:OH Products","isPartOf":{"@id":"https:\/\/www.liohproducts.com\/en\/#website"},"primaryImageOfPage":{"@id":"https:\/\/www.liohproducts.com\/en\/shop\/the-holy-oil-instant-beauty-therapy\/#primaryimage"},"image":{"@id":"https:\/\/www.liohproducts.com\/en\/shop\/the-holy-oil-instant-beauty-therapy\/#primaryimage"},"thumbnailUrl":"https:\/\/www.liohproducts.com\/wp-content\/uploads\/2025\/01\/IMG_3884-scaled.jpeg","datePublished":"2025-01-06T16:45:17+00:00","dateModified":"2026-02-23T09:52:06+00:00","description":"The Holy Oil una terapia capilar instant\u00e1nea formulada con aceites naturales de gran pureza, que repara nutre y protege desde la primera aplicaci\u00f3n, aportan","breadcrumb":{"@id":"https:\/\/www.liohproducts.com\/en\/shop\/the-holy-oil-instant-beauty-therapy\/#breadcrumb"},"inLanguage":"en-US","potentialAction":[{"@type":"ReadAction","target":["https:\/\/www.liohproducts.com\/en\/shop\/the-holy-oil-instant-beauty-therapy\/"]}]},{"@type":"ImageObject","inLanguage":"en-US","@id":"https:\/\/www.liohproducts.com\/en\/shop\/the-holy-oil-instant-beauty-therapy\/#primaryimage","url":"https:\/\/www.liohproducts.com\/wp-content\/uploads\/2025\/01\/IMG_3884-scaled.jpeg","contentUrl":"https:\/\/www.liohproducts.com\/wp-content\/uploads\/2025\/01\/IMG_3884-scaled.jpeg","width":1920,"height":2560},{"@type":"BreadcrumbList","@id":"https:\/\/www.liohproducts.com\/en\/shop\/the-holy-oil-instant-beauty-therapy\/#breadcrumb","itemListElement":[{"@type":"ListItem","position":1,"name":"Beginning","item":"https:\/\/www.liohproducts.com\/en\/home\/"},{"@type":"ListItem","position":2,"name":"Shop","item":"https:\/\/www.liohproducts.com\/tienda\/"},{"@type":"ListItem","position":3,"name":"The Holy Oil &#8211; Instant Beauty Therapy"}]},{"@type":"WebSite","@id":"https:\/\/www.liohproducts.com\/en\/#website","url":"https:\/\/www.liohproducts.com\/en\/","name":"LI:OH Products","description":"We are lovers of fashion, beauty, health and nature.","publisher":{"@id":"https:\/\/www.liohproducts.com\/en\/#organization"},"potentialAction":[{"@type":"SearchAction","target":{"@type":"EntryPoint","urlTemplate":"https:\/\/www.liohproducts.com\/en\/?s={search_term_string}"},"query-input":{"@type":"PropertyValueSpecification","valueRequired":true,"valueName":"search_term_string"}}],"inLanguage":"en-US"},{"@type":"Organization","@id":"https:\/\/www.liohproducts.com\/en\/#organization","name":"LI:OH Products","url":"https:\/\/www.liohproducts.com\/en\/","logo":{"@type":"ImageObject","inLanguage":"en-US","@id":"https:\/\/www.liohproducts.com\/en\/#\/schema\/logo\/image\/","url":"https:\/\/www.liohproducts.com\/wp-content\/uploads\/2020\/07\/Logo-160x160-1.jpg","contentUrl":"https:\/\/www.liohproducts.com\/wp-content\/uploads\/2020\/07\/Logo-160x160-1.jpg","width":160,"height":160,"caption":"LI:OH Products"},"image":{"@id":"https:\/\/www.liohproducts.com\/en\/#\/schema\/logo\/image\/"},"sameAs":["https:\/\/www.facebook.com\/liohproducts","https:\/\/www.instagram.com\/liohproducts\/"]}]}},"jetpack_sharing_enabled":true,"_links":{"self":[{"href":"https:\/\/www.liohproducts.com\/en\/wp-json\/wp\/v2\/product\/6270","targetHints":{"allow":["GET"]}}],"collection":[{"href":"https:\/\/www.liohproducts.com\/en\/wp-json\/wp\/v2\/product"}],"about":[{"href":"https:\/\/www.liohproducts.com\/en\/wp-json\/wp\/v2\/types\/product"}],"wp:featuredmedia":[{"embeddable":true,"href":"https:\/\/www.liohproducts.com\/en\/wp-json\/wp\/v2\/media\/6603"}],"wp:attachment":[{"href":"https:\/\/www.liohproducts.com\/en\/wp-json\/wp\/v2\/media?parent=6270"}],"wp:term":[{"taxonomy":"product_brand","embeddable":true,"href":"https:\/\/www.liohproducts.com\/en\/wp-json\/wp\/v2\/product_brand?post=6270"},{"taxonomy":"product_cat","embeddable":true,"href":"https:\/\/www.liohproducts.com\/en\/wp-json\/wp\/v2\/product_cat?post=6270"},{"taxonomy":"product_tag","embeddable":true,"href":"https:\/\/www.liohproducts.com\/en\/wp-json\/wp\/v2\/product_tag?post=6270"}],"curies":[{"name":"wp","href":"https:\/\/api.w.org\/{rel}","templated":true}]}}