{"id":3184,"date":"2021-12-04T14:34:18","date_gmt":"2021-12-04T13:34:18","guid":{"rendered":"https:\/\/www.liohproducts.com\/?post_type=product&#038;p=3184"},"modified":"2025-12-02T02:40:12","modified_gmt":"2025-12-02T01:40:12","slug":"the-brush-luxury","status":"publish","type":"product","link":"https:\/\/www.liohproducts.com\/en\/shop\/the-brush-luxury\/","title":{"rendered":"The Brush Luxury"},"content":{"rendered":"<p>The Brush Luxury de LI:OH es un cepillo rectangular de bamb\u00fa para el cabello, ideal para melenas, fabricado con madera de bamb\u00fa y caucho natural por lo que es 100% biodegradable y sostenible.<\/p>\n<p>Nuestros cepillos de bamb\u00fa esta\u0301n fabricados en madera, un material natural, duradero, resistente, sostenible y biodegradable. Por este motivo podr\u00e1s sustituir al tradicional cepillo de pl\u00e1stico y cuidar cabello de un modo responsable.<\/p>\n<h4>MODO DE USO<\/h4>\n<ul>\n<li>Cepilla tu cabello cada noche antes de acostarte y cada ma\u00f1ana al levantarte, te ayudar\u00e1 a mantenerlo mas suelto, limpio y sano.<\/li>\n<li>Cepillar antes del lavado, tambi\u00e9n te ayudar\u00e1 a que el lavado sea m\u00e1s r\u00e1pido y placentero, ya que tu cabello se enredar\u00e1 menos.<\/li>\n<\/ul>\n<h4><strong>BENEFICIOS<\/strong><\/h4>\n<ul>\n<li>Los cepillos, The Brush Luxury,\u00a0 de madera y caucho vegetal te ayudara\u0301n a evitar el encrespamiento evitando la electricidad esta\u0301tica de tu pelo.<\/li>\n<li>Las puntas redondeadas favorecen el riego sangu\u00edneo y la activacio\u0301n del foli\u0301culo mediante un suave masaje fortaleciendo el cabello desde la base.<\/li>\n<li>Las cerdas de madera de bamb\u00fa con punta redondeada son ma\u0301s delicadas con el cuero cabelludo y evitan la rotura del cabello mientras cepillamos.<\/li>\n<\/ul>\n<h4>CUIDADO Y VIDA \u00daTIL<\/h4>\n<ul>\n<li>Evita el contacto continuado con superficies mojadas.<\/li>\n<li>Evita dejarlo expuesto al sol o a temperaturas muy elevadas.<\/li>\n<li>Elimina los cabellos despu\u00e9s de cada cepillado.<\/li>\n<li>Puedes lavarlo con agua y jab\u00f3n suave.<\/li>\n<li>Evita usar productos qu\u00edmicos agresivos para su limpieza y cuidado.<\/li>\n<li>Su vida \u00fatil ir\u00e1 en funci\u00f3n de la frecuencia de uso y mantenimiento.<\/li>\n<\/ul>\n<h4><strong>MATERIALES<\/strong><\/h4>\n<ul>\n<li>MADERA DE BAMB\u00da.<\/li>\n<li>CAUCHO VEGETAL.<\/li>\n<\/ul>\n","protected":false},"excerpt":{"rendered":"<h2><strong>Life is not perfect, but your hair can be perfect with a good brushing\u2026<\/strong><\/h2>\n<p><strong>The Brush Luxury<\/strong> de LI:OH<\/p>\n<p>\ud83c\udf31Rectangular brush (Paddle) made of bamboo and natural rubber for hair<\/p>\n<p>\ud83c\udf31Ideal for manes and sensitive scalp<\/p>\n<p>\ud83c\udf31Made with bamboo wood and natural rubber, making it 100% biodegradable and sustainable<\/p>\n<p>\ud83c\udf31Massages the scalp, helping to stimulate blood flow<\/p>\n<p>\ud83c\udf31Gently detangles<\/p>\n<p>\ud83c\udf31Reduces static electricity<\/p>\n<p>\ud83c\udf31It is washable, durable and resistant.<\/p>\n<hr \/>\n<div class=\"accordion-item\">\n<div class=\"accordion-header\">How to use +<\/div>\n<div class=\"accordion-content\">\n<ul>\n<li>Brush your hair every night before going to bed and every morning when you wake up. This will help keep it loose, clean and healthy.<\/li>\n<li>Brushing before washing will also help make washing your hair faster and more pleasant, as your hair will become less tangled.<\/li>\n<\/ul>\n<\/div>\n<\/div>\n<div class=\"accordion-item\">\n<div class=\"accordion-header\">Benefits +<\/div>\n<div class=\"accordion-content\">\n<ul>\n<li>Wooden and vegetable rubber brushes will help you avoid frizz by preventing static electricity in your hair.<\/li>\n<li>The rounded tips promote blood flow and follicle activation through a gentle massage, strengthening the hair from the base.<\/li>\n<li>The rounded-tip bamboo wood bristles are gentler on the scalp and prevent hair breakage while brushing.<\/li>\n<\/ul>\n<\/div>\n<\/div>\n<div class=\"accordion-item\">\n<div class=\"accordion-header\">Care and shelf life +<\/div>\n<div class=\"accordion-content\">\n<ul>\n<li>Avoid continuous contact with wet surfaces.<\/li>\n<li>Avoid leaving it exposed to the sun or very high temperatures.<\/li>\n<li>Remove hair after a decade of brushing.<\/li>\n<li>You can wash it with water and mild soap.<\/li>\n<li>Avoid using aggressive chemical products for cleaning and care.<\/li>\n<li>Its useful life will depend on the frequency of use and maintenance.<\/li>\n<\/ul>\n<\/div>\n<\/div>\n<div class=\"accordion-item\">\n<div class=\"accordion-header\">Materials +<\/div>\n<div class=\"accordion-content\">\n<ul>\n<li>Bamboo wood.<\/li>\n<li>Vegetable rubber.<\/li>\n<\/ul>\n<\/div>\n<\/div>\n<hr \/>\n<div class=\"espacio-10px\"><\/div>\n<p><strong>\ud83c\udf96\ufe0fUnconditional satisfaction guarantee:<\/strong> If you are not satisfied within 30 days, we will exchange or return it for free and without asking for explanations.<\/p>\n","protected":false},"featured_media":3178,"template":"","meta":{"_joinchat":[]},"product_brand":[],"product_cat":[371],"product_tag":[],"class_list":{"0":"post-3184","1":"product","2":"type-product","3":"status-publish","4":"has-post-thumbnail","6":"product_cat-accessories-en","9":"first","10":"instock","11":"taxable","12":"shipping-taxable","13":"purchasable","14":"product-type-simple"},"yoast_head":"<!-- This site is optimized with the Yoast SEO plugin v27.4 - https:\/\/yoast.com\/product\/yoast-seo-wordpress\/ -->\n<title>The Brush Luxury - LI:OH Products<\/title>\n<meta name=\"description\" content=\"The Brush Luxury de LI:OH es un cepillo para el cabello, ideal para melenas, fabricado con bamb\u00fa y caucho 100% biodegradable y sostenible.\" \/>\n<meta name=\"robots\" content=\"index, follow, max-snippet:-1, max-image-preview:large, max-video-preview:-1\" \/>\n<link rel=\"canonical\" href=\"https:\/\/www.liohproducts.com\/en\/shop\/the-brush-luxury\/\" \/>\n<meta property=\"og:locale\" content=\"en_US\" \/>\n<meta property=\"og:type\" content=\"article\" \/>\n<meta property=\"og:title\" content=\"The Brush Luxury - LI:OH Products\" \/>\n<meta property=\"og:description\" content=\"The Brush Luxury de LI:OH es un cepillo para el cabello, ideal para melenas, fabricado con bamb\u00fa y caucho 100% biodegradable y sostenible.\" \/>\n<meta property=\"og:url\" content=\"https:\/\/www.liohproducts.com\/en\/shop\/the-brush-luxury\/\" \/>\n<meta property=\"og:site_name\" content=\"LI:OH Products\" \/>\n<meta property=\"article:publisher\" content=\"https:\/\/www.facebook.com\/liohproducts\" \/>\n<meta property=\"article:modified_time\" content=\"2025-12-02T01:40:12+00:00\" \/>\n<meta property=\"og:image\" content=\"https:\/\/www.liohproducts.com\/wp-content\/uploads\/2021\/12\/The-Brush-Luxury-1.jpg\" \/>\n\t<meta property=\"og:image:width\" content=\"2000\" \/>\n\t<meta property=\"og:image:height\" content=\"1611\" \/>\n\t<meta property=\"og:image:type\" content=\"image\/jpeg\" \/>\n<meta name=\"twitter:card\" content=\"summary_large_image\" \/>\n<meta name=\"twitter:label1\" content=\"Est. reading time\" \/>\n\t<meta name=\"twitter:data1\" content=\"2 minutes\" \/>\n<script type=\"application\/ld+json\" class=\"yoast-schema-graph\">{\"@context\":\"https:\\\/\\\/schema.org\",\"@graph\":[{\"@type\":\"WebPage\",\"@id\":\"https:\\\/\\\/www.liohproducts.com\\\/en\\\/shop\\\/the-brush-luxury\\\/\",\"url\":\"https:\\\/\\\/www.liohproducts.com\\\/en\\\/shop\\\/the-brush-luxury\\\/\",\"name\":\"The Brush Luxury - LI:OH Products\",\"isPartOf\":{\"@id\":\"https:\\\/\\\/www.liohproducts.com\\\/en\\\/#website\"},\"primaryImageOfPage\":{\"@id\":\"https:\\\/\\\/www.liohproducts.com\\\/en\\\/shop\\\/the-brush-luxury\\\/#primaryimage\"},\"image\":{\"@id\":\"https:\\\/\\\/www.liohproducts.com\\\/en\\\/shop\\\/the-brush-luxury\\\/#primaryimage\"},\"thumbnailUrl\":\"https:\\\/\\\/www.liohproducts.com\\\/wp-content\\\/uploads\\\/2021\\\/12\\\/The-Brush-Luxury-1.jpg\",\"datePublished\":\"2021-12-04T13:34:18+00:00\",\"dateModified\":\"2025-12-02T01:40:12+00:00\",\"description\":\"The Brush Luxury de LI:OH es un cepillo para el cabello, ideal para melenas, fabricado con bamb\u00fa y caucho 100% biodegradable y sostenible.\",\"breadcrumb\":{\"@id\":\"https:\\\/\\\/www.liohproducts.com\\\/en\\\/shop\\\/the-brush-luxury\\\/#breadcrumb\"},\"inLanguage\":\"en-US\",\"potentialAction\":[{\"@type\":\"ReadAction\",\"target\":[\"https:\\\/\\\/www.liohproducts.com\\\/en\\\/shop\\\/the-brush-luxury\\\/\"]}]},{\"@type\":\"ImageObject\",\"inLanguage\":\"en-US\",\"@id\":\"https:\\\/\\\/www.liohproducts.com\\\/en\\\/shop\\\/the-brush-luxury\\\/#primaryimage\",\"url\":\"https:\\\/\\\/www.liohproducts.com\\\/wp-content\\\/uploads\\\/2021\\\/12\\\/The-Brush-Luxury-1.jpg\",\"contentUrl\":\"https:\\\/\\\/www.liohproducts.com\\\/wp-content\\\/uploads\\\/2021\\\/12\\\/The-Brush-Luxury-1.jpg\",\"width\":2000,\"height\":1611,\"caption\":\"The Brush Luxury by LI:OH\"},{\"@type\":\"BreadcrumbList\",\"@id\":\"https:\\\/\\\/www.liohproducts.com\\\/en\\\/shop\\\/the-brush-luxury\\\/#breadcrumb\",\"itemListElement\":[{\"@type\":\"ListItem\",\"position\":1,\"name\":\"Beginning\",\"item\":\"https:\\\/\\\/www.liohproducts.com\\\/en\\\/home\\\/\"},{\"@type\":\"ListItem\",\"position\":2,\"name\":\"Shop\",\"item\":\"https:\\\/\\\/www.liohproducts.com\\\/tienda\\\/\"},{\"@type\":\"ListItem\",\"position\":3,\"name\":\"The Brush Luxury\"}]},{\"@type\":\"WebSite\",\"@id\":\"https:\\\/\\\/www.liohproducts.com\\\/en\\\/#website\",\"url\":\"https:\\\/\\\/www.liohproducts.com\\\/en\\\/\",\"name\":\"LI:OH Products\",\"description\":\"We are lovers of fashion, beauty, health and nature.\",\"publisher\":{\"@id\":\"https:\\\/\\\/www.liohproducts.com\\\/en\\\/#organization\"},\"potentialAction\":[{\"@type\":\"SearchAction\",\"target\":{\"@type\":\"EntryPoint\",\"urlTemplate\":\"https:\\\/\\\/www.liohproducts.com\\\/en\\\/?s={search_term_string}\"},\"query-input\":{\"@type\":\"PropertyValueSpecification\",\"valueRequired\":true,\"valueName\":\"search_term_string\"}}],\"inLanguage\":\"en-US\"},{\"@type\":\"Organization\",\"@id\":\"https:\\\/\\\/www.liohproducts.com\\\/en\\\/#organization\",\"name\":\"LI:OH Products\",\"url\":\"https:\\\/\\\/www.liohproducts.com\\\/en\\\/\",\"logo\":{\"@type\":\"ImageObject\",\"inLanguage\":\"en-US\",\"@id\":\"https:\\\/\\\/www.liohproducts.com\\\/en\\\/#\\\/schema\\\/logo\\\/image\\\/\",\"url\":\"https:\\\/\\\/www.liohproducts.com\\\/wp-content\\\/uploads\\\/2020\\\/07\\\/Logo-160x160-1.jpg\",\"contentUrl\":\"https:\\\/\\\/www.liohproducts.com\\\/wp-content\\\/uploads\\\/2020\\\/07\\\/Logo-160x160-1.jpg\",\"width\":160,\"height\":160,\"caption\":\"LI:OH Products\"},\"image\":{\"@id\":\"https:\\\/\\\/www.liohproducts.com\\\/en\\\/#\\\/schema\\\/logo\\\/image\\\/\"},\"sameAs\":[\"https:\\\/\\\/www.facebook.com\\\/liohproducts\",\"https:\\\/\\\/www.instagram.com\\\/liohproducts\\\/\"]}]}<\/script>\n<!-- \/ Yoast SEO plugin. -->","yoast_head_json":{"title":"The Brush Luxury - LI:OH Products","description":"The Brush Luxury de LI:OH es un cepillo para el cabello, ideal para melenas, fabricado con bamb\u00fa y caucho 100% biodegradable y sostenible.","robots":{"index":"index","follow":"follow","max-snippet":"max-snippet:-1","max-image-preview":"max-image-preview:large","max-video-preview":"max-video-preview:-1"},"canonical":"https:\/\/www.liohproducts.com\/en\/shop\/the-brush-luxury\/","og_locale":"en_US","og_type":"article","og_title":"The Brush Luxury - LI:OH Products","og_description":"The Brush Luxury de LI:OH es un cepillo para el cabello, ideal para melenas, fabricado con bamb\u00fa y caucho 100% biodegradable y sostenible.","og_url":"https:\/\/www.liohproducts.com\/en\/shop\/the-brush-luxury\/","og_site_name":"LI:OH Products","article_publisher":"https:\/\/www.facebook.com\/liohproducts","article_modified_time":"2025-12-02T01:40:12+00:00","og_image":[{"width":2000,"height":1611,"url":"https:\/\/www.liohproducts.com\/wp-content\/uploads\/2021\/12\/The-Brush-Luxury-1.jpg","type":"image\/jpeg"}],"twitter_card":"summary_large_image","twitter_misc":{"Est. reading time":"2 minutes"},"schema":{"@context":"https:\/\/schema.org","@graph":[{"@type":"WebPage","@id":"https:\/\/www.liohproducts.com\/en\/shop\/the-brush-luxury\/","url":"https:\/\/www.liohproducts.com\/en\/shop\/the-brush-luxury\/","name":"The Brush Luxury - LI:OH Products","isPartOf":{"@id":"https:\/\/www.liohproducts.com\/en\/#website"},"primaryImageOfPage":{"@id":"https:\/\/www.liohproducts.com\/en\/shop\/the-brush-luxury\/#primaryimage"},"image":{"@id":"https:\/\/www.liohproducts.com\/en\/shop\/the-brush-luxury\/#primaryimage"},"thumbnailUrl":"https:\/\/www.liohproducts.com\/wp-content\/uploads\/2021\/12\/The-Brush-Luxury-1.jpg","datePublished":"2021-12-04T13:34:18+00:00","dateModified":"2025-12-02T01:40:12+00:00","description":"The Brush Luxury de LI:OH es un cepillo para el cabello, ideal para melenas, fabricado con bamb\u00fa y caucho 100% biodegradable y sostenible.","breadcrumb":{"@id":"https:\/\/www.liohproducts.com\/en\/shop\/the-brush-luxury\/#breadcrumb"},"inLanguage":"en-US","potentialAction":[{"@type":"ReadAction","target":["https:\/\/www.liohproducts.com\/en\/shop\/the-brush-luxury\/"]}]},{"@type":"ImageObject","inLanguage":"en-US","@id":"https:\/\/www.liohproducts.com\/en\/shop\/the-brush-luxury\/#primaryimage","url":"https:\/\/www.liohproducts.com\/wp-content\/uploads\/2021\/12\/The-Brush-Luxury-1.jpg","contentUrl":"https:\/\/www.liohproducts.com\/wp-content\/uploads\/2021\/12\/The-Brush-Luxury-1.jpg","width":2000,"height":1611,"caption":"The Brush Luxury by LI:OH"},{"@type":"BreadcrumbList","@id":"https:\/\/www.liohproducts.com\/en\/shop\/the-brush-luxury\/#breadcrumb","itemListElement":[{"@type":"ListItem","position":1,"name":"Beginning","item":"https:\/\/www.liohproducts.com\/en\/home\/"},{"@type":"ListItem","position":2,"name":"Shop","item":"https:\/\/www.liohproducts.com\/tienda\/"},{"@type":"ListItem","position":3,"name":"The Brush Luxury"}]},{"@type":"WebSite","@id":"https:\/\/www.liohproducts.com\/en\/#website","url":"https:\/\/www.liohproducts.com\/en\/","name":"LI:OH Products","description":"We are lovers of fashion, beauty, health and nature.","publisher":{"@id":"https:\/\/www.liohproducts.com\/en\/#organization"},"potentialAction":[{"@type":"SearchAction","target":{"@type":"EntryPoint","urlTemplate":"https:\/\/www.liohproducts.com\/en\/?s={search_term_string}"},"query-input":{"@type":"PropertyValueSpecification","valueRequired":true,"valueName":"search_term_string"}}],"inLanguage":"en-US"},{"@type":"Organization","@id":"https:\/\/www.liohproducts.com\/en\/#organization","name":"LI:OH Products","url":"https:\/\/www.liohproducts.com\/en\/","logo":{"@type":"ImageObject","inLanguage":"en-US","@id":"https:\/\/www.liohproducts.com\/en\/#\/schema\/logo\/image\/","url":"https:\/\/www.liohproducts.com\/wp-content\/uploads\/2020\/07\/Logo-160x160-1.jpg","contentUrl":"https:\/\/www.liohproducts.com\/wp-content\/uploads\/2020\/07\/Logo-160x160-1.jpg","width":160,"height":160,"caption":"LI:OH Products"},"image":{"@id":"https:\/\/www.liohproducts.com\/en\/#\/schema\/logo\/image\/"},"sameAs":["https:\/\/www.facebook.com\/liohproducts","https:\/\/www.instagram.com\/liohproducts\/"]}]}},"jetpack_sharing_enabled":true,"_links":{"self":[{"href":"https:\/\/www.liohproducts.com\/en\/wp-json\/wp\/v2\/product\/3184","targetHints":{"allow":["GET"]}}],"collection":[{"href":"https:\/\/www.liohproducts.com\/en\/wp-json\/wp\/v2\/product"}],"about":[{"href":"https:\/\/www.liohproducts.com\/en\/wp-json\/wp\/v2\/types\/product"}],"wp:featuredmedia":[{"embeddable":true,"href":"https:\/\/www.liohproducts.com\/en\/wp-json\/wp\/v2\/media\/3178"}],"wp:attachment":[{"href":"https:\/\/www.liohproducts.com\/en\/wp-json\/wp\/v2\/media?parent=3184"}],"wp:term":[{"taxonomy":"product_brand","embeddable":true,"href":"https:\/\/www.liohproducts.com\/en\/wp-json\/wp\/v2\/product_brand?post=3184"},{"taxonomy":"product_cat","embeddable":true,"href":"https:\/\/www.liohproducts.com\/en\/wp-json\/wp\/v2\/product_cat?post=3184"},{"taxonomy":"product_tag","embeddable":true,"href":"https:\/\/www.liohproducts.com\/en\/wp-json\/wp\/v2\/product_tag?post=3184"}],"curies":[{"name":"wp","href":"https:\/\/api.w.org\/{rel}","templated":true}]}}