{"id":1517,"date":"2020-09-29T08:44:03","date_gmt":"2020-09-29T08:44:03","guid":{"rendered":"https:\/\/www.liohproducts.com\/?page_id=1517"},"modified":"2025-03-02T15:15:42","modified_gmt":"2025-03-02T14:15:42","slug":"shipping","status":"publish","type":"page","link":"https:\/\/www.liohproducts.com\/en\/shipping\/","title":{"rendered":"Shipping"},"content":{"rendered":"<div id=\"cs-content\" class=\"cs-content\"><\/div>\n","protected":false},"excerpt":{"rendered":"<p>Env\u00edos ENV\u00cdOS NACIONALES Zona de env\u00edo Espa\u00f1a (Pla.) Islas BalearesRateapplied FREE (Purchases over \u20ac44)FREE (Purchases over \u20ac44)Tiempode tr&aacute;nsito 3-5 d&iacute;as3-5 d&iacute;asEnv&iacute;ogratuito &gt; 00,00&euro;&gt; 00,00&euro; De momento, no realizamos env\u00edos a &#8230; <\/p>\n<div><a href=\"https:\/\/www.liohproducts.com\/en\/shipping\/\" class=\"more-link\">Read More<\/a><\/div>\n","protected":false},"author":135,"featured_media":0,"parent":0,"menu_order":0,"comment_status":"closed","ping_status":"closed","template":"template-blank-4.php","meta":{"_joinchat":[],"footnotes":""},"class_list":["post-1517","page","type-page","status-publish","hentry","no-post-thumbnail"],"yoast_head":"<!-- This site is optimized with the Yoast SEO plugin v27.4 - https:\/\/yoast.com\/product\/yoast-seo-wordpress\/ -->\n<title>Shipping - LI:OH Products<\/title>\n<meta name=\"robots\" content=\"noindex, nofollow\" \/>\n<meta property=\"og:locale\" content=\"en_US\" \/>\n<meta property=\"og:type\" content=\"article\" \/>\n<meta property=\"og:title\" content=\"Shipping - LI:OH Products\" \/>\n<meta property=\"og:url\" content=\"https:\/\/www.liohproducts.com\/en\/shipping\/\" \/>\n<meta property=\"og:site_name\" content=\"LI:OH Products\" \/>\n<meta property=\"article:publisher\" content=\"https:\/\/www.facebook.com\/liohproducts\" \/>\n<meta property=\"article:modified_time\" content=\"2025-03-02T14:15:42+00:00\" \/>\n<meta name=\"twitter:card\" content=\"summary_large_image\" \/>\n<meta name=\"twitter:label1\" content=\"Est. reading time\" \/>\n\t<meta name=\"twitter:data1\" content=\"6 minutes\" \/>\n<script type=\"application\/ld+json\" class=\"yoast-schema-graph\">{\"@context\":\"https:\\\/\\\/schema.org\",\"@graph\":[{\"@type\":\"WebPage\",\"@id\":\"https:\\\/\\\/www.liohproducts.com\\\/en\\\/shipping\\\/\",\"url\":\"https:\\\/\\\/www.liohproducts.com\\\/en\\\/shipping\\\/\",\"name\":\"Shipping - LI:OH Products\",\"isPartOf\":{\"@id\":\"https:\\\/\\\/www.liohproducts.com\\\/en\\\/#website\"},\"datePublished\":\"2020-09-29T08:44:03+00:00\",\"dateModified\":\"2025-03-02T14:15:42+00:00\",\"breadcrumb\":{\"@id\":\"https:\\\/\\\/www.liohproducts.com\\\/en\\\/shipping\\\/#breadcrumb\"},\"inLanguage\":\"en-US\",\"potentialAction\":[{\"@type\":\"ReadAction\",\"target\":[\"https:\\\/\\\/www.liohproducts.com\\\/en\\\/shipping\\\/\"]}]},{\"@type\":\"BreadcrumbList\",\"@id\":\"https:\\\/\\\/www.liohproducts.com\\\/en\\\/shipping\\\/#breadcrumb\",\"itemListElement\":[{\"@type\":\"ListItem\",\"position\":1,\"name\":\"Beginning\",\"item\":\"https:\\\/\\\/www.liohproducts.com\\\/en\\\/home\\\/\"},{\"@type\":\"ListItem\",\"position\":2,\"name\":\"Shipping\"}]},{\"@type\":\"WebSite\",\"@id\":\"https:\\\/\\\/www.liohproducts.com\\\/en\\\/#website\",\"url\":\"https:\\\/\\\/www.liohproducts.com\\\/en\\\/\",\"name\":\"LI:OH Products\",\"description\":\"We are lovers of fashion, beauty, health and nature.\",\"publisher\":{\"@id\":\"https:\\\/\\\/www.liohproducts.com\\\/en\\\/#organization\"},\"potentialAction\":[{\"@type\":\"SearchAction\",\"target\":{\"@type\":\"EntryPoint\",\"urlTemplate\":\"https:\\\/\\\/www.liohproducts.com\\\/en\\\/?s={search_term_string}\"},\"query-input\":{\"@type\":\"PropertyValueSpecification\",\"valueRequired\":true,\"valueName\":\"search_term_string\"}}],\"inLanguage\":\"en-US\"},{\"@type\":\"Organization\",\"@id\":\"https:\\\/\\\/www.liohproducts.com\\\/en\\\/#organization\",\"name\":\"LI:OH Products\",\"url\":\"https:\\\/\\\/www.liohproducts.com\\\/en\\\/\",\"logo\":{\"@type\":\"ImageObject\",\"inLanguage\":\"en-US\",\"@id\":\"https:\\\/\\\/www.liohproducts.com\\\/en\\\/#\\\/schema\\\/logo\\\/image\\\/\",\"url\":\"https:\\\/\\\/www.liohproducts.com\\\/wp-content\\\/uploads\\\/2020\\\/07\\\/Logo-160x160-1.jpg\",\"contentUrl\":\"https:\\\/\\\/www.liohproducts.com\\\/wp-content\\\/uploads\\\/2020\\\/07\\\/Logo-160x160-1.jpg\",\"width\":160,\"height\":160,\"caption\":\"LI:OH Products\"},\"image\":{\"@id\":\"https:\\\/\\\/www.liohproducts.com\\\/en\\\/#\\\/schema\\\/logo\\\/image\\\/\"},\"sameAs\":[\"https:\\\/\\\/www.facebook.com\\\/liohproducts\",\"https:\\\/\\\/www.instagram.com\\\/liohproducts\\\/\"]}]}<\/script>\n<!-- \/ Yoast SEO plugin. -->","yoast_head_json":{"title":"Shipping - LI:OH Products","robots":{"index":"noindex","follow":"nofollow"},"og_locale":"en_US","og_type":"article","og_title":"Shipping - LI:OH Products","og_url":"https:\/\/www.liohproducts.com\/en\/shipping\/","og_site_name":"LI:OH Products","article_publisher":"https:\/\/www.facebook.com\/liohproducts","article_modified_time":"2025-03-02T14:15:42+00:00","twitter_card":"summary_large_image","twitter_misc":{"Est. reading time":"6 minutes"},"schema":{"@context":"https:\/\/schema.org","@graph":[{"@type":"WebPage","@id":"https:\/\/www.liohproducts.com\/en\/shipping\/","url":"https:\/\/www.liohproducts.com\/en\/shipping\/","name":"Shipping - LI:OH Products","isPartOf":{"@id":"https:\/\/www.liohproducts.com\/en\/#website"},"datePublished":"2020-09-29T08:44:03+00:00","dateModified":"2025-03-02T14:15:42+00:00","breadcrumb":{"@id":"https:\/\/www.liohproducts.com\/en\/shipping\/#breadcrumb"},"inLanguage":"en-US","potentialAction":[{"@type":"ReadAction","target":["https:\/\/www.liohproducts.com\/en\/shipping\/"]}]},{"@type":"BreadcrumbList","@id":"https:\/\/www.liohproducts.com\/en\/shipping\/#breadcrumb","itemListElement":[{"@type":"ListItem","position":1,"name":"Beginning","item":"https:\/\/www.liohproducts.com\/en\/home\/"},{"@type":"ListItem","position":2,"name":"Shipping"}]},{"@type":"WebSite","@id":"https:\/\/www.liohproducts.com\/en\/#website","url":"https:\/\/www.liohproducts.com\/en\/","name":"LI:OH Products","description":"We are lovers of fashion, beauty, health and nature.","publisher":{"@id":"https:\/\/www.liohproducts.com\/en\/#organization"},"potentialAction":[{"@type":"SearchAction","target":{"@type":"EntryPoint","urlTemplate":"https:\/\/www.liohproducts.com\/en\/?s={search_term_string}"},"query-input":{"@type":"PropertyValueSpecification","valueRequired":true,"valueName":"search_term_string"}}],"inLanguage":"en-US"},{"@type":"Organization","@id":"https:\/\/www.liohproducts.com\/en\/#organization","name":"LI:OH Products","url":"https:\/\/www.liohproducts.com\/en\/","logo":{"@type":"ImageObject","inLanguage":"en-US","@id":"https:\/\/www.liohproducts.com\/en\/#\/schema\/logo\/image\/","url":"https:\/\/www.liohproducts.com\/wp-content\/uploads\/2020\/07\/Logo-160x160-1.jpg","contentUrl":"https:\/\/www.liohproducts.com\/wp-content\/uploads\/2020\/07\/Logo-160x160-1.jpg","width":160,"height":160,"caption":"LI:OH Products"},"image":{"@id":"https:\/\/www.liohproducts.com\/en\/#\/schema\/logo\/image\/"},"sameAs":["https:\/\/www.facebook.com\/liohproducts","https:\/\/www.instagram.com\/liohproducts\/"]}]}},"jetpack_sharing_enabled":true,"_links":{"self":[{"href":"https:\/\/www.liohproducts.com\/en\/wp-json\/wp\/v2\/pages\/1517","targetHints":{"allow":["GET"]}}],"collection":[{"href":"https:\/\/www.liohproducts.com\/en\/wp-json\/wp\/v2\/pages"}],"about":[{"href":"https:\/\/www.liohproducts.com\/en\/wp-json\/wp\/v2\/types\/page"}],"author":[{"embeddable":true,"href":"https:\/\/www.liohproducts.com\/en\/wp-json\/wp\/v2\/users\/135"}],"replies":[{"embeddable":true,"href":"https:\/\/www.liohproducts.com\/en\/wp-json\/wp\/v2\/comments?post=1517"}],"version-history":[{"count":0,"href":"https:\/\/www.liohproducts.com\/en\/wp-json\/wp\/v2\/pages\/1517\/revisions"}],"wp:attachment":[{"href":"https:\/\/www.liohproducts.com\/en\/wp-json\/wp\/v2\/media?parent=1517"}],"curies":[{"name":"wp","href":"https:\/\/api.w.org\/{rel}","templated":true}]}}